                                                                                                                                                                                                                                                                                                                                                                                                                                                                                                                                                                                                                                                                                                                                                                                                                                                                                                                                                                                                                                                                                                                                                                                                                                                                                                                                                                                                                                                                                                                                                                                                                                                                                                                                                                                                                      {"id":10532,"date":"2021-01-13T13:44:05","date_gmt":"2021-01-13T13:44:05","guid":{"rendered":"https:\/\/ingenieriasae.com\/acuicultura\/?post_type=product&#038;p=10532"},"modified":"2022-05-26T17:24:59","modified_gmt":"2022-05-26T17:24:59","slug":"aqua-98-soplador-regenerativo-potencia-0-5-kw-0-67hp-trifasico","status":"publish","type":"product","link":"https:\/\/ingenieriasae.com\/acuicultura\/producto\/aqua-98-soplador-regenerativo-potencia-0-5-kw-0-67hp-trifasico\/","title":{"rendered":"AQUA 98 | Soplador Regenerativo | Potencia: 0.5 Kw (0.67HP) Trif\u00e1sico"},"content":{"rendered":"","protected":false},"excerpt":{"rendered":"<p><img loading=\"lazy\" class=\"alignnone size-full wp-image-4975\" src=\"https:\/\/ingenieriasae.com\/acuicultura\/wp-content\/uploads\/2020\/01\/Ekko-Logo.png\" alt=\"\" width=\"100\" height=\"50\" \/><\/p>\n<p>Ll\u00e1manos\u00a0para cotizar:<\/p>\n<p><strong>Caracter\u00edsticas:<\/strong><\/p>\n<ul>\n<li>Aplicaciones en presi\u00f3n y vac\u00edo.<\/li>\n<li>F\u00e1cil instalaci\u00f3n y dise\u00f1o compacto.<\/li>\n<li>Impulsores en aluminio din\u00e1micamente balanceados.<\/li>\n<li>Operaci\u00f3n horizontal o vertical que los hace muy vers\u00e1tiles.<\/li>\n<li>Libres de aceite.<\/li>\n<li>Ligeros.<\/li>\n<li>Rodamientos para alta temperatura.<\/li>\n<li>F\u00e1cil mantenimiento y operaci\u00f3n.<\/li>\n<\/ul>\n","protected":false},"featured_media":10643,"template":"","meta":[],"_links":{"self":[{"href":"https:\/\/ingenieriasae.com\/acuicultura\/wp-json\/wp\/v2\/product\/10532"}],"collection":[{"href":"https:\/\/ingenieriasae.com\/acuicultura\/wp-json\/wp\/v2\/product"}],"about":[{"href":"https:\/\/ingenieriasae.com\/acuicultura\/wp-json\/wp\/v2\/types\/product"}],"version-history":[{"count":4,"href":"https:\/\/ingenieriasae.com\/acuicultura\/wp-json\/wp\/v2\/product\/10532\/revisions"}],"predecessor-version":[{"id":10989,"href":"https:\/\/ingenieriasae.com\/acuicultura\/wp-json\/wp\/v2\/product\/10532\/revisions\/10989"}],"wp:featuredmedia":[{"embeddable":true,"href":"https:\/\/ingenieriasae.com\/acuicultura\/wp-json\/wp\/v2\/media\/10643"}],"wp:attachment":[{"href":"https:\/\/ingenieriasae.com\/acuicultura\/wp-json\/wp\/v2\/media?parent=10532"}],"curies":[{"name":"wp","href":"https:\/\/api.w.org\/{rel}","templated":true}]}}