                                                                                                                                                                                                                                                                                                                                                                                                                                                                                                                                                                                                                                                                                                                                                                                                                                                                                                                                                                                                                                                                                                                                                                                                                                                                                                                                                                                                                                                                                                                                                                                                                                                                                                                                                                                                                      {"id":10552,"date":"2021-01-13T16:19:19","date_gmt":"2021-01-13T16:19:19","guid":{"rendered":"https:\/\/ingenieriasae.com\/acuicultura\/?post_type=product&#038;p=10552"},"modified":"2022-05-26T17:24:25","modified_gmt":"2022-05-26T17:24:25","slug":"aqua-103-soplador-regenerativo-potencia-0-83-kw-1-1hp-trifasico","status":"publish","type":"product","link":"https:\/\/ingenieriasae.com\/acuicultura\/producto\/aqua-103-soplador-regenerativo-potencia-0-83-kw-1-1hp-trifasico\/","title":{"rendered":"AQUA 103 | Soplador Regenerativo | Potencia: 0.83 Kw (1.1HP) Trif\u00e1sico"},"content":{"rendered":"","protected":false},"excerpt":{"rendered":"<p><img loading=\"lazy\" class=\"alignnone size-full wp-image-4975\" src=\"https:\/\/ingenieriasae.com\/acuicultura\/wp-content\/uploads\/2020\/01\/Ekko-Logo.png\" alt=\"\" width=\"100\" height=\"50\" \/><\/p>\n<p>Ll\u00e1manos\u00a0para cotizar:<\/p>\n<p><strong>Caracter\u00edsticas:<\/strong><\/p>\n<ul>\n<li>Aplicaciones en presi\u00f3n y vac\u00edo.<\/li>\n<li>F\u00e1cil instalaci\u00f3n y dise\u00f1o compacto.<\/li>\n<li>Impulsores en aluminio din\u00e1micamente balanceados.<\/li>\n<li>Operaci\u00f3n horizontal o vertical que los hace muy vers\u00e1tiles.<\/li>\n<li>Libres de aceite.<\/li>\n<li>Ligeros.<\/li>\n<li>Rodamientos para alta temperatura.<\/li>\n<li>F\u00e1cil mantenimiento y operaci\u00f3n.<\/li>\n<\/ul>\n","protected":false},"featured_media":10650,"template":"","meta":[],"_links":{"self":[{"href":"https:\/\/ingenieriasae.com\/acuicultura\/wp-json\/wp\/v2\/product\/10552"}],"collection":[{"href":"https:\/\/ingenieriasae.com\/acuicultura\/wp-json\/wp\/v2\/product"}],"about":[{"href":"https:\/\/ingenieriasae.com\/acuicultura\/wp-json\/wp\/v2\/types\/product"}],"version-history":[{"count":3,"href":"https:\/\/ingenieriasae.com\/acuicultura\/wp-json\/wp\/v2\/product\/10552\/revisions"}],"predecessor-version":[{"id":10992,"href":"https:\/\/ingenieriasae.com\/acuicultura\/wp-json\/wp\/v2\/product\/10552\/revisions\/10992"}],"wp:featuredmedia":[{"embeddable":true,"href":"https:\/\/ingenieriasae.com\/acuicultura\/wp-json\/wp\/v2\/media\/10650"}],"wp:attachment":[{"href":"https:\/\/ingenieriasae.com\/acuicultura\/wp-json\/wp\/v2\/media?parent=10552"}],"curies":[{"name":"wp","href":"https:\/\/api.w.org\/{rel}","templated":true}]}}