                                                                                                                                                                                                                                                                                                                                                                                                                                                                                                                                                                                                                                                                                                                                                                                                                                                                                                                                                                                                                                                                                                                                                                                                                                                                                                                                                                                                                                                                                                                                                                                                                                                                                                                                                                                                                      {"id":10638,"date":"2021-03-30T18:57:20","date_gmt":"2021-03-30T18:57:20","guid":{"rendered":"https:\/\/ingenieriasae.com\/acuicultura\/?post_type=product&#038;p=10638"},"modified":"2025-03-25T20:00:03","modified_gmt":"2025-03-25T20:00:03","slug":"clarificador-uv-matala-biosteps-40-vatios-evc-40w","status":"publish","type":"product","link":"https:\/\/ingenieriasae.com\/acuicultura\/producto\/clarificador-uv-matala-biosteps-40-vatios-evc-40w\/","title":{"rendered":"Clarificador UV Matala Biosteps 40 Vatios | EVC-40W"},"content":{"rendered":"<p><strong>Clarificador UV Matala Biosteps 40 Vatios | EVC-40W<\/strong><\/p>\n<p>Los clarificadores Matala EZClear UV-C est\u00e1n dise\u00f1ados para estanques de koi y jardines acu\u00e1ticos para ayudar a suprimir las floraciones de algas verdes suspendidas, bacterias da\u00f1inas, par\u00e1sitos, hongos, protozoos y virus.<\/p>\n<p>Incluso en un ecosistema de estanque equilibrado, pueden producirse floraciones repentinas de tales organismos debido a cambios anormales de clima, comportamiento de alimentaci\u00f3n de los peces, niveles de nutrientes minerales, etc. Estas floraciones pueden resultar en agua verde, niveles de ox\u00edgeno letales o condiciones de salud debilitadas para peces y organismos acu\u00e1ticos. plantas.<\/p>\n<p>Los clarificadores UV Matala EZClear se pueden usar como un UV independiente agregado a un sistema de filtro existente. Los 16 vatios caen f\u00e1cilmente en el filtro BioSteps. Los UVC de 25, 40 y 75 vatios no se ajustan al filtro Biosteps. Se trata de una unidad independiente que se puede instalar en el sistema de su estanque con la bomba del tama\u00f1o adecuado. Los modelos de 25w, 40w y 75w se suministran con un adaptador transparente que le permite conectarse directamente a una tuber\u00eda r\u00edgida de PVC Sch 40 de 1,5 &#8220;. Todos los tama\u00f1os de unidades vienen con conectores de leng\u00fceta universales que le permiten conectarse a 3\/4&#8221;, 1 &#8220;, 1,25&#8221; o tuber\u00eda de vinilo o flexible sin pliegues o de 1,5 &#8220;de tama\u00f1o.<\/p>\n","protected":false},"excerpt":{"rendered":"<p><img loading=\"lazy\" class=\"alignnone size-full wp-image-5147\" src=\"https:\/\/lifebyair.com\/wp-content\/uploads\/2020\/01\/logo-matala-1.jpg\" alt=\"\" width=\"120\" height=\"46\" \/><\/p>\n<p><strong>Caracter\u00edsticas:<\/strong><\/p>\n<ul>\n<li>Adecuado para estanques de entre 1,600 y 10,000 galones dependiendo de la carga de peces, filtraci\u00f3n, plantas acu\u00e1ticas y luz solar.<\/li>\n<li>Tasas de flujo de 1600 a 5000 galones por hora, seg\u00fan el tama\u00f1o de la unidad de vatios. (Apunte a un m\u00ednimo de una rotaci\u00f3n del estanque por hora a trav\u00e9s del filtro y UVC para obtener mejores resultados).<\/li>\n<li>Utiliza l\u00e1mparas germicidas Philips T5 UV.<\/li>\n<li>La manga de cuarzo de alta calidad permite la transmisi\u00f3n de m\u00e1s del 95% de la luz ultravioleta.<\/li>\n<li>Reemplazo de la funda de cuarzo EZ &#8220;Anillo de bloqueo&#8221;.<\/li>\n<li>F\u00e1cil instalaci\u00f3n con colas de manguera escalonadas que soportan tubos de 3\/4 &#8220;, 1&#8221;, 1\u00bc &#8220;y 1-1 \/ 2&#8221;.<\/li>\n<li>\u00a1El adaptador transparente opcional para 25w, 40w y 75w se conecta a una tuber\u00eda r\u00edgida de PVC Sch 40 de 1.5 &#8220;!<\/li>\n<li>Tapa de extremo transparente para la verificaci\u00f3n de la l\u00e1mpara.<\/li>\n<li>Las colas de manguera transl\u00facidas proporcionan un control de la luz azul<\/li>\n<li>Todo el dispositivo es resistente a los rayos UV<\/li>\n<li>Incluye cable de alimentaci\u00f3n de 15 &#8216;con balasto en l\u00ednea.<\/li>\n<\/ul>\n","protected":false},"featured_media":10632,"template":"","meta":[],"_links":{"self":[{"href":"https:\/\/ingenieriasae.com\/acuicultura\/wp-json\/wp\/v2\/product\/10638"}],"collection":[{"href":"https:\/\/ingenieriasae.com\/acuicultura\/wp-json\/wp\/v2\/product"}],"about":[{"href":"https:\/\/ingenieriasae.com\/acuicultura\/wp-json\/wp\/v2\/types\/product"}],"version-history":[{"count":1,"href":"https:\/\/ingenieriasae.com\/acuicultura\/wp-json\/wp\/v2\/product\/10638\/revisions"}],"predecessor-version":[{"id":10639,"href":"https:\/\/ingenieriasae.com\/acuicultura\/wp-json\/wp\/v2\/product\/10638\/revisions\/10639"}],"wp:featuredmedia":[{"embeddable":true,"href":"https:\/\/ingenieriasae.com\/acuicultura\/wp-json\/wp\/v2\/media\/10632"}],"wp:attachment":[{"href":"https:\/\/ingenieriasae.com\/acuicultura\/wp-json\/wp\/v2\/media?parent=10638"}],"curies":[{"name":"wp","href":"https:\/\/api.w.org\/{rel}","templated":true}]}}