                                                                                                                                                                                                                                                                                                                                                                                                                                                                                                                                                                                                                                                                                                                                                                                                                                                                                                                                                                                                                                                                                                                                                                                                                                                                                                                                                                                                                                                                                                                                                                                                                                                                                                                                                                                                                      {"id":10712,"date":"2021-06-02T20:54:36","date_gmt":"2021-06-02T20:54:36","guid":{"rendered":"https:\/\/ingenieriasae.com\/acuicultura\/?post_type=product&#038;p=10712"},"modified":"2022-05-26T17:24:09","modified_gmt":"2022-05-26T17:24:09","slug":"kit-aqua-255m-kit-soplador-regenerativo-2-34-hp-monofasico","status":"publish","type":"product","link":"https:\/\/ingenieriasae.com\/acuicultura\/producto\/kit-aqua-255m-kit-soplador-regenerativo-2-34-hp-monofasico\/","title":{"rendered":"Kit-AQUA 255M | Kit Soplador Regenerativo | 2.34 HP Monof\u00e1sico"},"content":{"rendered":"<p><strong>Soplador AQUA 255M | Kit Soplador Regenerativo<\/strong><\/p>\n<p>Eficiente <strong>soplador<\/strong> tipo <strong>regenerativo<\/strong> de una etapa que entrega un caudal de aire de hasta 255 m3\/h y vence l\u00e1minas de agua de hasta 1.2m (2.6 psig), con motor el\u00e9ctrico de 2.34 HP <strong>monof\u00e1sico<\/strong> y un nivel de ruido de 70 dB(A). Es ideal para la aireaci\u00f3n de tanques de <strong>acuicultura<\/strong> entre 5m y 9m de di\u00e1metro, confiable y de f\u00e1cil instalaci\u00f3n y mantenimiento.<\/p>\n<p>Ventajas del uso del <strong>AQUA 255M<\/strong><\/p>\n<ul>\n<li>Incrementar los niveles de ox\u00edgeno en el agua evitando la mortalidad de los peces.<\/li>\n<li>Evitar la generaci\u00f3n de malos olores y enturbiado de las aguas.<\/li>\n<li>Reducir el crecimiento de algas en el tanque.<\/li>\n<li>Evitar la proliferaci\u00f3n de mosquitos.<\/li>\n<li>Generar un entorno adecuado para los peces.<\/li>\n<li>Favorece la crianza de peces en cualquiera de sus fases: alevinaje o levante.<\/li>\n<\/ul>\n","protected":false},"excerpt":{"rendered":"<p><img loading=\"lazy\" class=\"alignnone size-full wp-image-4975\" src=\"https:\/\/ingenieriasae.com\/acuicultura\/wp-content\/uploads\/2020\/01\/Ekko-Logo.png\" alt=\"\" width=\"100\" height=\"50\" \/><\/p>\n<p><strong>Kit Incluye:<\/strong><\/p>\n<ul>\n<li>Filtro de aire de part\u00edculas lavable.<\/li>\n<li>V\u00e1lvula de alivio de presi\u00f3n.<\/li>\n<li>V\u00e1lvula cheque.<\/li>\n<li>Soportes anti-vibraci\u00f3n<\/li>\n<\/ul>\n","protected":false},"featured_media":10497,"template":"","meta":[],"_links":{"self":[{"href":"https:\/\/ingenieriasae.com\/acuicultura\/wp-json\/wp\/v2\/product\/10712"}],"collection":[{"href":"https:\/\/ingenieriasae.com\/acuicultura\/wp-json\/wp\/v2\/product"}],"about":[{"href":"https:\/\/ingenieriasae.com\/acuicultura\/wp-json\/wp\/v2\/types\/product"}],"version-history":[{"count":1,"href":"https:\/\/ingenieriasae.com\/acuicultura\/wp-json\/wp\/v2\/product\/10712\/revisions"}],"predecessor-version":[{"id":10713,"href":"https:\/\/ingenieriasae.com\/acuicultura\/wp-json\/wp\/v2\/product\/10712\/revisions\/10713"}],"wp:featuredmedia":[{"embeddable":true,"href":"https:\/\/ingenieriasae.com\/acuicultura\/wp-json\/wp\/v2\/media\/10497"}],"wp:attachment":[{"href":"https:\/\/ingenieriasae.com\/acuicultura\/wp-json\/wp\/v2\/media?parent=10712"}],"curies":[{"name":"wp","href":"https:\/\/api.w.org\/{rel}","templated":true}]}}