                                                                                                                                                                                                                                                                                                                                                                                                                                                                                                                                                                                                                                                                                                                                                                                                                                                                                                                                                                                                                                                                                                                                                                                                                                                                                                                                                                                                                                                                                                                                                                                                                                                                                                                                                                                                                      {"id":4760,"date":"2020-01-03T14:29:58","date_gmt":"2020-01-03T14:29:58","guid":{"rendered":"https:\/\/lifebyair.com\/?post_type=product&#038;p=4760"},"modified":"2022-05-26T16:13:20","modified_gmt":"2022-05-26T16:13:20","slug":"difusor-aft-n2500-e-difusor-de-tubo-auto-sumergible-epdm-20%e2%80%b3","status":"publish","type":"product","link":"https:\/\/ingenieriasae.com\/acuicultura\/producto\/difusor-aft-n2500-e-difusor-de-tubo-auto-sumergible-epdm-20%e2%80%b3\/","title":{"rendered":"Difusor AFT-N2500-E | Difusor de Tubo Auto-sumergible | EPDM 20\u2033"},"content":{"rendered":"<p><strong>Difusor AFT-N2500-E<\/strong><\/p>\n<p>El difusor AFT-N2500E de la marca <strong>SSI<\/strong> es un <strong>difusor tubular de burbuja fina<\/strong> de 20&#8221; de longitud con conexi\u00f3n de \u00be NPT y membrana en EPDM que ofrece una alta eficiencia en transferencia de ox\u00edgeno y baja ca\u00edda de presi\u00f3n. Son sin\u00f3nimo de excelencia en ingenier\u00eda, componentes de alta calidad y un dise\u00f1o de avanzada, caracteriz\u00e1ndose por ser altamente duraderos y eficientes en miles de proyectos de tipo municipal e industrial en los que han sido usados alrededor del mundo.<\/p>\n<p>Sus caracter\u00edsticas principales son:<\/p>\n<ul>\n<li>Tama\u00f1o y forma est\u00e1ndar de la industria.<\/li>\n<li>Intercambiable con otros sistemas.<\/li>\n<li>Opciones de conector: conexi\u00f3n de tuber\u00eda de niple est\u00e1ndar o montaje de silleta SSI que facilita la instalaci\u00f3n.<\/li>\n<li>Excelente resistencia a las incrustaciones gracias a las capas superficiales recubiertas de PTFE, EPDM, EPDM antiest\u00e1tico.<\/li>\n<li>Membranas moldeadas por compresi\u00f3n. Cada membrana es verificada para una profundidad de perforaci\u00f3n uniforme para asegurar liberaci\u00f3n de aire uniforme.<\/li>\n<li>Bajo contenido de plastificante de membrana para reducir la contracci\u00f3n y endurecimiento.<\/li>\n<li>Membranas de burbujas ultra-finas reforzadas y revestidas para excelente resistencia qu\u00edmica y resistencia al atascamiento.<\/li>\n<li>Resistencia a la temperatura 100\u00b0C y cuerpo de ABS.<\/li>\n<\/ul>\n","protected":false},"excerpt":{"rendered":"<p><img loading=\"lazy\" class=\"alignnone size-full wp-image-4728\" src=\"https:\/\/lifebyair.com\/wp-content\/uploads\/2020\/01\/SSI_LOGO.jpg\" alt=\"\" width=\"72\" height=\"36\" \/><\/p>\n<p><strong>Caracter\u00edsticas:<\/strong><\/p>\n<ul>\n<li>Tama\u00f1o y forma est\u00e1ndar de la industria.<\/li>\n<li>Intercambiable con otros sistemas.<\/li>\n<li>Opciones de conector: conexi\u00f3n de tuber\u00eda de niple est\u00e1ndar o montaje de silleta SSI que facilita la instalaci\u00f3n.<\/li>\n<li>Excelente resistencia a las incrustaciones gracias a las capas superficiales recubiertas de PTFE, EPDM, EPDM antiest\u00e1tico.<\/li>\n<li>Membranas moldeadas por compresi\u00f3n. Cada membrana es verificada para una profundidad de perforaci\u00f3n uniforme para asegurar liberaci\u00f3n de aire uniforme.<\/li>\n<li>Bajo contenido de plastificante de membrana para reducir la contracci\u00f3n y endurecimiento.<\/li>\n<li>Membranas de burbujas ultra-finas reforzadas y revestidas para excelente resistencia qu\u00edmica y resistencia al atascamiento.<\/li>\n<li>Resistencia a la temperatura 100\u00b0C y cuerpo de ABS.<\/li>\n<\/ul>\n","protected":false},"featured_media":5015,"template":"","meta":[],"_links":{"self":[{"href":"https:\/\/ingenieriasae.com\/acuicultura\/wp-json\/wp\/v2\/product\/4760"}],"collection":[{"href":"https:\/\/ingenieriasae.com\/acuicultura\/wp-json\/wp\/v2\/product"}],"about":[{"href":"https:\/\/ingenieriasae.com\/acuicultura\/wp-json\/wp\/v2\/types\/product"}],"version-history":[{"count":8,"href":"https:\/\/ingenieriasae.com\/acuicultura\/wp-json\/wp\/v2\/product\/4760\/revisions"}],"predecessor-version":[{"id":10107,"href":"https:\/\/ingenieriasae.com\/acuicultura\/wp-json\/wp\/v2\/product\/4760\/revisions\/10107"}],"wp:featuredmedia":[{"embeddable":true,"href":"https:\/\/ingenieriasae.com\/acuicultura\/wp-json\/wp\/v2\/media\/5015"}],"wp:attachment":[{"href":"https:\/\/ingenieriasae.com\/acuicultura\/wp-json\/wp\/v2\/media?parent=4760"}],"curies":[{"name":"wp","href":"https:\/\/api.w.org\/{rel}","templated":true}]}}