                                                                                                                                                                                                                                                                                                                                                                                                                                                                                                                                                                                                                                                                                                                                                                                                                                                                                                                                                                                                                                                                                                                                                                                                                                                                                                                                                                                                                                                                                                                                                                                                                                                                                                                                                                                                                      {"id":5104,"date":"2020-01-30T12:56:33","date_gmt":"2020-01-30T12:56:33","guid":{"rendered":"https:\/\/lifebyair.com\/?post_type=product&#038;p=5104"},"modified":"2025-03-25T20:09:12","modified_gmt":"2025-03-25T20:09:12","slug":"filtro-de-agua-ezbio20-doble-nucleo-de-filtracion-malla-fina-malla-gruesa","status":"publish","type":"product","link":"https:\/\/ingenieriasae.com\/acuicultura\/producto\/filtro-de-agua-ezbio20-doble-nucleo-de-filtracion-malla-fina-malla-gruesa\/","title":{"rendered":"Filtro de agua EZBIO20 | Doble N\u00facleo de Filtraci\u00f3n | Malla Fina + Malla Gruesa"},"content":{"rendered":"<p><strong>Filtro de agua EZBIO20<\/strong><\/p>\n<p>El modelo EZBIO20 de la marca <strong>Matala\u00ae<\/strong>\u00a0es un <strong>n\u00facleo de filtraci\u00f3n<\/strong> que favorece la proliferaci\u00f3n de bacterias beneficiosas que mejoran la calidad del agua. Se trata de una malla verde gruesa que proporciona <strong>filtraci\u00f3n mec\u00e1nica<\/strong> y<strong> biol\u00f3gica,<\/strong>\u00a0previene la reducci\u00f3n de flujo y el atascamiento, favoreciendo la vida \u00fatil de la bomba.<\/p>\n<p>Maneja un flujo m\u00e1ximo en pre-filtrado de 5000 GPH y un tama\u00f1o vers\u00e1til con solo 7.9&#8243; de di\u00e1metro x 13.4&#8243; de altura.<\/p>\n","protected":false},"excerpt":{"rendered":"<p><img loading=\"lazy\" class=\"alignnone size-full wp-image-5147\" src=\"https:\/\/lifebyair.com\/wp-content\/uploads\/2020\/01\/logo-matala-1.jpg\" alt=\"\" width=\"120\" height=\"46\" \/><\/p>\n<p><strong>Caracter\u00edsticas:<\/strong><\/p>\n<ul>\n<li>N\u00facleo de filtraci\u00f3n<\/li>\n<li>Malla verde gruesa que proporciona filtraci\u00f3n mec\u00e1nica y biol\u00f3gica<\/li>\n<li>Previene la reducci\u00f3n de flujo y el atascamiento<\/li>\n<li>Favorece la vida \u00fatil de la bomba.<\/li>\n<li>Flujo m\u00e1ximo en pre-filtrado de 5000 GPH<\/li>\n<li>Tama\u00f1o vers\u00e1til de 7.9&#8243; de di\u00e1metro x 13.4&#8243; de altura.<\/li>\n<\/ul>\n","protected":false},"featured_media":5113,"template":"","meta":[],"_links":{"self":[{"href":"https:\/\/ingenieriasae.com\/acuicultura\/wp-json\/wp\/v2\/product\/5104"}],"collection":[{"href":"https:\/\/ingenieriasae.com\/acuicultura\/wp-json\/wp\/v2\/product"}],"about":[{"href":"https:\/\/ingenieriasae.com\/acuicultura\/wp-json\/wp\/v2\/types\/product"}],"version-history":[{"count":11,"href":"https:\/\/ingenieriasae.com\/acuicultura\/wp-json\/wp\/v2\/product\/5104\/revisions"}],"predecessor-version":[{"id":10134,"href":"https:\/\/ingenieriasae.com\/acuicultura\/wp-json\/wp\/v2\/product\/5104\/revisions\/10134"}],"wp:featuredmedia":[{"embeddable":true,"href":"https:\/\/ingenieriasae.com\/acuicultura\/wp-json\/wp\/v2\/media\/5113"}],"wp:attachment":[{"href":"https:\/\/ingenieriasae.com\/acuicultura\/wp-json\/wp\/v2\/media?parent=5104"}],"curies":[{"name":"wp","href":"https:\/\/api.w.org\/{rel}","templated":true}]}}