                                                                                                                                                                                                                                                                                                                                                                                                                                                                                                                                                                                                                                                                                                                                                                                                                                                                                                                                                                                                                                                                                                                                                                                                                                                                                                                                                                                                                                                                                                                                                                                                                                                                                                                                                                                                                      {"id":5116,"date":"2020-01-30T20:51:17","date_gmt":"2020-01-30T20:51:17","guid":{"rendered":"https:\/\/lifebyair.com\/?post_type=product&#038;p=5116"},"modified":"2025-03-25T20:09:05","modified_gmt":"2025-03-25T20:09:05","slug":"filtro-de-agua-ezbio11-nucleo-simple-de-filtracion-malla-gris-fina","status":"publish","type":"product","link":"https:\/\/ingenieriasae.com\/acuicultura\/producto\/filtro-de-agua-ezbio11-nucleo-simple-de-filtracion-malla-gris-fina\/","title":{"rendered":"Filtro de agua EZBIO11 | N\u00facleo Simple de Filtraci\u00f3n | Malla Gris Fina"},"content":{"rendered":"<p><strong>Filtro de agua EZBIO11<\/strong><\/p>\n<p>El modelo EZBIO11 de la marca <strong>Matala\u00ae <\/strong>es un n\u00facleo de filtraci\u00f3n que favorece la proliferaci\u00f3n de bacterias beneficiosas que mejoran la calidad del agua. Se trata de una malla gris fina que proporciona filtraci\u00f3n mec\u00e1nica y biol\u00f3gica y previene la reducci\u00f3n de flujo y el atascamiento, favoreciendo la vida \u00fatil de la bomba.<\/p>\n<p>Maneja un flujo m\u00e1ximo en pre-filtrado de 3900 GPH y un tama\u00f1o vers\u00e1til con solo 4,3&#8243; de di\u00e1metro x 12.2&#8243; de altura.<\/p>\n","protected":false},"excerpt":{"rendered":"<p><img loading=\"lazy\" class=\"alignnone size-full wp-image-5147\" src=\"https:\/\/lifebyair.com\/wp-content\/uploads\/2020\/01\/logo-matala-1.jpg\" alt=\"\" width=\"120\" height=\"46\" \/><\/p>\n<p><strong>Caracter\u00edsticas:<\/strong><\/p>\n<ul>\n<li>N\u00facleo de filtraci\u00f3n.<\/li>\n<li><span style=\"font-size: 1rem;\">Malla gris fina que proporciona filtraci\u00f3n mec\u00e1nica y biol\u00f3gica<\/span><\/li>\n<li><span style=\"font-size: 1rem;\">Previene la reducci\u00f3n de flujo y el atascamiento<\/span><\/li>\n<li><span style=\"font-size: 1rem;\">Favorece la vida \u00fatil de la bomba<\/span><\/li>\n<li>Flujo m\u00e1ximo en pre-filtrado de 3900 GPH<\/li>\n<li>Tama\u00f1o vers\u00e1til con solo 4,3&#8243; de di\u00e1metro x 12.2&#8243; de altura<\/li>\n<\/ul>\n","protected":false},"featured_media":5243,"template":"","meta":[],"_links":{"self":[{"href":"https:\/\/ingenieriasae.com\/acuicultura\/wp-json\/wp\/v2\/product\/5116"}],"collection":[{"href":"https:\/\/ingenieriasae.com\/acuicultura\/wp-json\/wp\/v2\/product"}],"about":[{"href":"https:\/\/ingenieriasae.com\/acuicultura\/wp-json\/wp\/v2\/types\/product"}],"version-history":[{"count":16,"href":"https:\/\/ingenieriasae.com\/acuicultura\/wp-json\/wp\/v2\/product\/5116\/revisions"}],"predecessor-version":[{"id":10133,"href":"https:\/\/ingenieriasae.com\/acuicultura\/wp-json\/wp\/v2\/product\/5116\/revisions\/10133"}],"wp:featuredmedia":[{"embeddable":true,"href":"https:\/\/ingenieriasae.com\/acuicultura\/wp-json\/wp\/v2\/media\/5243"}],"wp:attachment":[{"href":"https:\/\/ingenieriasae.com\/acuicultura\/wp-json\/wp\/v2\/media?parent=5116"}],"curies":[{"name":"wp","href":"https:\/\/api.w.org\/{rel}","templated":true}]}}