                                                                                                                                                                                                                                                                                                                                                                                                                                                                                                                                                                                                                                                                                                                                                                                                                                                                                                                                                                                                                                                                                                                                                                                                                                                                                                                                                                                                                                                                                                                                                                                                                                                                                                                                                                                                                      {"id":5251,"date":"2020-02-07T13:10:13","date_gmt":"2020-02-07T13:10:13","guid":{"rendered":"https:\/\/lifebyair.com\/?post_type=product&#038;p=5251"},"modified":"2020-10-01T14:53:51","modified_gmt":"2020-10-01T14:53:51","slug":"conector-3shm-conector-de-manguera-%e2%85%9c-%c2%bd-%e2%85%9d","status":"publish","type":"product","link":"https:\/\/ingenieriasae.com\/acuicultura\/producto\/conector-3shm-conector-de-manguera-%e2%85%9c-%c2%bd-%e2%85%9d\/","title":{"rendered":"Conector 3SHM | Conector de Manguera | \u215c&#8221; &#8211; \u00bd&#8221; &#8211; \u215d&#8221;"},"content":{"rendered":"<p><strong>Conector 3SHM | Conector de Manguera | \u215c&#8221; &#8211; \u00bd&#8221; &#8211; \u215d&#8221;<\/strong><\/p>\n<p>Los <strong>conectores de manguera<\/strong> modelo <strong>3SHM<\/strong> de <strong>Matala\u00ae <\/strong>permiten conectar de manera sencilla mangueras de diferentes di\u00e1metros por ser ajustables a tres tama\u00f1os diferentes \u215c&#8221;, \u00bd&#8221; y\u00a0 \u215d&#8221;. Pueden ser usados con mangueras sumergibles, mangueras de aireaci\u00f3n, mangueras transparente y mangueras de presi\u00f3n, entre otras. Son vers\u00e1tiles y de excelente calidad.<\/p>\n","protected":false},"excerpt":{"rendered":"<p><img loading=\"lazy\" class=\"alignnone size-full wp-image-5147\" src=\"https:\/\/ingenieriasae.com\/acuicultura\/wp-content\/uploads\/2020\/01\/logo-matala-1.jpg\" alt=\"\" width=\"120\" height=\"46\" \/><\/p>\n<p><strong>Caracter\u00edsticas:<\/strong><\/p>\n<ul>\n<li>Ajustables a tres tama\u00f1os diferentes \u215c&#8221;, \u00bd&#8221; y\u00a0 \u215d&#8221;.<\/li>\n<li>Permiten conectar de manera sencilla.<\/li>\n<li>Pueden ser usados con varios tipos de mangueras.<\/li>\n<li>Son vers\u00e1tiles y de excelente calidad.<\/li>\n<\/ul>\n","protected":false},"featured_media":10299,"template":"","meta":[],"_links":{"self":[{"href":"https:\/\/ingenieriasae.com\/acuicultura\/wp-json\/wp\/v2\/product\/5251"}],"collection":[{"href":"https:\/\/ingenieriasae.com\/acuicultura\/wp-json\/wp\/v2\/product"}],"about":[{"href":"https:\/\/ingenieriasae.com\/acuicultura\/wp-json\/wp\/v2\/types\/product"}],"version-history":[{"count":8,"href":"https:\/\/ingenieriasae.com\/acuicultura\/wp-json\/wp\/v2\/product\/5251\/revisions"}],"predecessor-version":[{"id":8507,"href":"https:\/\/ingenieriasae.com\/acuicultura\/wp-json\/wp\/v2\/product\/5251\/revisions\/8507"}],"wp:featuredmedia":[{"embeddable":true,"href":"https:\/\/ingenieriasae.com\/acuicultura\/wp-json\/wp\/v2\/media\/10299"}],"wp:attachment":[{"href":"https:\/\/ingenieriasae.com\/acuicultura\/wp-json\/wp\/v2\/media?parent=5251"}],"curies":[{"name":"wp","href":"https:\/\/api.w.org\/{rel}","templated":true}]}}