                                                                                                                                                                                                                                                                                                                                                                                                                                                                                                                                                                                                                                                                                                                                                                                                                                                                                                                                                                                                                                                                                                                                                                                                                                                                                                                                                                                                                                                                                                                                                                                                                                                                                                                                                                                                                      {"id":5925,"date":"2020-04-01T17:33:33","date_gmt":"2020-04-01T17:33:33","guid":{"rendered":"https:\/\/lifebyair.com\/?post_type=product&#038;p=5925"},"modified":"2022-05-26T16:57:08","modified_gmt":"2022-05-26T16:57:08","slug":"filtro-de-agua-kc105-tanque-de-filtro-de-vortice-solamente-koiclear-105","status":"publish","type":"product","link":"https:\/\/ingenieriasae.com\/acuicultura\/producto\/filtro-de-agua-kc105-tanque-de-filtro-de-vortice-solamente-koiclear-105\/","title":{"rendered":"Filtro de Agua KC105 | Tanque de Filtro de V\u00f3rtice Solamente | KoiClear 105"},"content":{"rendered":"<p><strong>Filtro de Agua KC105<\/strong><\/p>\n<p>El modelo KC105 marca <strong>Matala\u00ae<\/strong> es un sistema de filtraci\u00f3n progresiva de \u00faltima generaci\u00f3n para lograr una mejor transici\u00f3n de la <strong>filtraci\u00f3n mec\u00e1nica<\/strong> a la <strong>biofiltraci\u00f3n<\/strong>, con alta resistencia a las obstrucciones.<\/p>\n<p>Caracter\u00edsticas:<\/p>\n<ul>\n<li>Cuenta con fondo cuadrado inclinado de tal manera que no se necesitan soportes adicionales para posicionamiento y equilibrio.<\/li>\n<li>Es de f\u00e1cil instalaci\u00f3n, limpieza y transporte.<\/li>\n<li>Es una unidad adecuada para tanques hasta 20 Ton\/ 5300 Gal, con estructura tridimensional y alto volumen libre.<\/li>\n<\/ul>\n","protected":false},"excerpt":{"rendered":"<p><img loading=\"lazy\" class=\"alignnone size-full wp-image-5147\" src=\"https:\/\/lifebyair.com\/wp-content\/uploads\/2020\/01\/logo-matala-1.jpg\" alt=\"\" width=\"120\" height=\"46\" \/><\/p>\n<p><strong>Caracter\u00edsticas:<\/strong><\/p>\n<ul>\n<li>Fondo cuadrado inclinado de tal manera que no se necesitan soportes adicionales para posicionamiento y equilibrio.<\/li>\n<li>Es de f\u00e1cil instalaci\u00f3n, limpieza y transporte.<\/li>\n<li>Es una unidad adecuada para tanques hasta 20 Ton\/ 5300 Gal, con estructura tridimensional y alto volumen libre.<\/li>\n<\/ul>\n","protected":false},"featured_media":5931,"template":"","meta":[],"_links":{"self":[{"href":"https:\/\/ingenieriasae.com\/acuicultura\/wp-json\/wp\/v2\/product\/5925"}],"collection":[{"href":"https:\/\/ingenieriasae.com\/acuicultura\/wp-json\/wp\/v2\/product"}],"about":[{"href":"https:\/\/ingenieriasae.com\/acuicultura\/wp-json\/wp\/v2\/types\/product"}],"version-history":[{"count":8,"href":"https:\/\/ingenieriasae.com\/acuicultura\/wp-json\/wp\/v2\/product\/5925\/revisions"}],"predecessor-version":[{"id":10145,"href":"https:\/\/ingenieriasae.com\/acuicultura\/wp-json\/wp\/v2\/product\/5925\/revisions\/10145"}],"wp:featuredmedia":[{"embeddable":true,"href":"https:\/\/ingenieriasae.com\/acuicultura\/wp-json\/wp\/v2\/media\/5931"}],"wp:attachment":[{"href":"https:\/\/ingenieriasae.com\/acuicultura\/wp-json\/wp\/v2\/media?parent=5925"}],"curies":[{"name":"wp","href":"https:\/\/api.w.org\/{rel}","templated":true}]}}