                                                                                                                                                                                                                                                                                                                                                                                                                                                                                                                                                                                                                                                                                                                                                                                                                                                                                                                                                                                                                                                                                                                                                                                                                                                                                                                                                                                                                                                                                                                                                                                                                                                                                                                                                                                                                      {"id":6166,"date":"2020-04-06T15:13:09","date_gmt":"2020-04-06T15:13:09","guid":{"rendered":"https:\/\/lifebyair.com\/?post_type=product&#038;p=6166"},"modified":"2022-05-26T19:54:54","modified_gmt":"2022-05-26T19:54:54","slug":"bomba-hk-25lp-bomba-de-aire-32-lpm","status":"publish","type":"product","link":"https:\/\/ingenieriasae.com\/acuicultura\/producto\/bomba-hk-25lp-bomba-de-aire-32-lpm\/","title":{"rendered":"Bomba HK-25LP | Bomba de Aire | 32 LPM"},"content":{"rendered":"<p><strong>Bomba HK-25LP<\/strong><\/p>\n<p>La<strong> bomba de aire<\/strong> modelo HK-25LP marca <strong>Matala\u00ae<\/strong>\u00a0de la serie <strong>Hakko<\/strong> es un equipo de alta calidad y rendimiento, adecuado para estanques con profundidad m\u00e1xima de agua de hasta 1.8m y entre 3,000 y 9,000 galones, manejando un caudal de aire m\u00e1ximo de 37 lpm (1.3 CFM) y una capacidad nominal de 26 lpm (0.92 CFM). Cuenta con motor el\u00e9ctrico de 24 Watios de potencia a 110V , siendo muy eficiente en consumo de energ\u00eda.<\/p>\n<p><strong>Sus caracter\u00edsticas principales son:<\/strong><\/p>\n<ul>\n<li>Cuerpo fabricado en resina.<\/li>\n<li>Bajo nivel de ruido: 36 dB(A) a un metro de distancia en protocolo de campo abierto.<\/li>\n<li>Completamente libre de aceite.<\/li>\n<li>Protecci\u00f3n contra sobrecarga con interruptor autom\u00e1tico ON\/OFF en caso de sobrecalentamiento.<\/li>\n<li>110 voltios est\u00e1ndar. De requerirse a 220 voltios, se manejar\u00eda por pedido especial.<\/li>\n<li>Conexi\u00f3n de salida de 5\/8\u2033.<\/li>\n<li>Cable de alimentaci\u00f3n de 1.8m de longitud.<\/li>\n<li>F\u00e1cil mantenimiento.<\/li>\n<\/ul>\n","protected":false},"excerpt":{"rendered":"<p><img loading=\"lazy\" class=\"alignnone size-full wp-image-5147\" src=\"https:\/\/lifebyair.com\/wp-content\/uploads\/2020\/01\/logo-matala-1.jpg\" alt=\"\" width=\"120\" height=\"46\" \/><\/p>\n<p><strong>Caracter\u00edsticas:<\/strong><\/p>\n<ul>\n<li>Cuerpo fabricado en resina.<\/li>\n<li>Bajo nivel de ruido: 36 dB(A) a un metro de distancia en protocolo de campo abierto.<\/li>\n<li>Completamente libre de aceite.<\/li>\n<li>Protecci\u00f3n contra sobrecarga con interruptor autom\u00e1tico ON\/OFF en caso de sobrecalentamiento.<\/li>\n<li>110 voltios est\u00e1ndar. De requerirse a 220 voltios, se manejar\u00eda por pedido especial.<\/li>\n<li>Conexi\u00f3n de salida de 5\/8\u2033.<\/li>\n<li>Cable de alimentaci\u00f3n de 1.8m de longitud.<\/li>\n<li>F\u00e1cil mantenimiento.<\/li>\n<\/ul>\n","protected":false},"featured_media":10561,"template":"","meta":[],"_links":{"self":[{"href":"https:\/\/ingenieriasae.com\/acuicultura\/wp-json\/wp\/v2\/product\/6166"}],"collection":[{"href":"https:\/\/ingenieriasae.com\/acuicultura\/wp-json\/wp\/v2\/product"}],"about":[{"href":"https:\/\/ingenieriasae.com\/acuicultura\/wp-json\/wp\/v2\/types\/product"}],"version-history":[{"count":8,"href":"https:\/\/ingenieriasae.com\/acuicultura\/wp-json\/wp\/v2\/product\/6166\/revisions"}],"predecessor-version":[{"id":10067,"href":"https:\/\/ingenieriasae.com\/acuicultura\/wp-json\/wp\/v2\/product\/6166\/revisions\/10067"}],"wp:featuredmedia":[{"embeddable":true,"href":"https:\/\/ingenieriasae.com\/acuicultura\/wp-json\/wp\/v2\/media\/10561"}],"wp:attachment":[{"href":"https:\/\/ingenieriasae.com\/acuicultura\/wp-json\/wp\/v2\/media?parent=6166"}],"curies":[{"name":"wp","href":"https:\/\/api.w.org\/{rel}","templated":true}]}}