                                                                                                                                                                                                                                                                                                                                                                                                                                                                                                                                                                                                                                                                                                                                                                                                                                                                                                                                                                                                                                                                                                                                                                                                                                                                                                                                                                                                                                                                                                                                                                                                                                                                                                                                                                                                                      {"id":6172,"date":"2020-04-06T15:30:20","date_gmt":"2020-04-06T15:30:20","guid":{"rendered":"https:\/\/lifebyair.com\/?post_type=product&#038;p=6172"},"modified":"2022-05-26T19:55:59","modified_gmt":"2022-05-26T19:55:59","slug":"bomba-hk-80lh-bomba-de-aire-100-lpm","status":"publish","type":"product","link":"https:\/\/ingenieriasae.com\/acuicultura\/producto\/bomba-hk-80lh-bomba-de-aire-100-lpm\/","title":{"rendered":"Bomba HK-80LH | Bomba de Aire | 100 LPM"},"content":{"rendered":"<p><strong>Bomba HK-80LH<\/strong><\/p>\n<p>La <strong>bomba de aire<\/strong> modelo HK-80LH marca <strong>Matala\u00ae<\/strong>\u00a0de la serie <strong>Hakko<\/strong> es un equipo de alta calidad y rendimiento, adecuado para estanques con profundidad m\u00e1xima de agua de hasta 3m, manejando un caudal de aire m\u00e1ximo de 119 lpm (4.2 CFM) y una capacidad nominal de 80 lpm (2.8 CFM). Cuenta con motor el\u00e9ctrico de 82 Watios de potencia a 110V , siendo muy eficiente en consumo de energ\u00eda.<\/p>\n<p><strong>Sus caracter\u00edsticas principales son:<\/strong><\/p>\n<ul>\n<li>Cuerpo fabricado en hierro fundido de alta duraci\u00f3n.<\/li>\n<li>Bajo nivel de ruido: 38 dB(A) a un metro de distancia en protocolo de campo abierto.<\/li>\n<li>Completamente libre de aceite.<\/li>\n<li>Protecci\u00f3n contra sobrecarga con interruptor autom\u00e1tico ON\/OFF en caso de sobrecalentamiento.<\/li>\n<li>110 voltios est\u00e1ndar. De requerirse a 220 voltios, se manejar\u00eda por pedido especial.<\/li>\n<li>Conexi\u00f3n de salida de 5\/8\u2033.<\/li>\n<li>Cable de alimentaci\u00f3n de 1.8m de longitud.<\/li>\n<li>F\u00e1cil mantenimiento.<\/li>\n<\/ul>\n","protected":false},"excerpt":{"rendered":"<p><img loading=\"lazy\" class=\"alignnone size-full wp-image-5147\" src=\"https:\/\/lifebyair.com\/wp-content\/uploads\/2020\/01\/logo-matala-1.jpg\" alt=\"\" width=\"120\" height=\"46\" \/><\/p>\n<p><strong>Caracter\u00edsticas:<\/strong><\/p>\n<ul>\n<li>Cuerpo fabricado en hierro fundido de alta duraci\u00f3n.<\/li>\n<li>Bajo nivel de ruido: 38 dB(A) a un metro de distancia en protocolo de campo abierto.<\/li>\n<li>Completamente libre de aceite.<\/li>\n<li>Protecci\u00f3n contra sobrecarga con interruptor autom\u00e1tico ON\/OFF en caso de sobrecalentamiento.<\/li>\n<li>110 voltios est\u00e1ndar. De requerirse a 220 voltios, se manejar\u00eda por pedido especial.<\/li>\n<li>Conexi\u00f3n de salida de 5\/8\u2033.<\/li>\n<li>Cable de alimentaci\u00f3n de 1.8m de longitud.<\/li>\n<li>F\u00e1cil mantenimiento.<\/li>\n<\/ul>\n","protected":false},"featured_media":5286,"template":"","meta":[],"_links":{"self":[{"href":"https:\/\/ingenieriasae.com\/acuicultura\/wp-json\/wp\/v2\/product\/6172"}],"collection":[{"href":"https:\/\/ingenieriasae.com\/acuicultura\/wp-json\/wp\/v2\/product"}],"about":[{"href":"https:\/\/ingenieriasae.com\/acuicultura\/wp-json\/wp\/v2\/types\/product"}],"version-history":[{"count":9,"href":"https:\/\/ingenieriasae.com\/acuicultura\/wp-json\/wp\/v2\/product\/6172\/revisions"}],"predecessor-version":[{"id":10065,"href":"https:\/\/ingenieriasae.com\/acuicultura\/wp-json\/wp\/v2\/product\/6172\/revisions\/10065"}],"wp:featuredmedia":[{"embeddable":true,"href":"https:\/\/ingenieriasae.com\/acuicultura\/wp-json\/wp\/v2\/media\/5286"}],"wp:attachment":[{"href":"https:\/\/ingenieriasae.com\/acuicultura\/wp-json\/wp\/v2\/media?parent=6172"}],"curies":[{"name":"wp","href":"https:\/\/api.w.org\/{rel}","templated":true}]}}