                                                                                                                                                                                                                                                                                                                                                                                                                                                                                                                                                                                                                                                                                                                                                                                                                                                                                                                                                                                                                                                                                                                                                                                                                                                                                                                                                                                                                                                                                                                                                                                                                                                                                                                                                                                                                      {"id":6248,"date":"2020-04-06T22:26:05","date_gmt":"2020-04-06T22:26:05","guid":{"rendered":"https:\/\/lifebyair.com\/?post_type=product&#038;p=6248"},"modified":"2025-03-25T20:08:40","modified_gmt":"2025-03-25T20:08:40","slug":"difusor-mdb11-difusor-con-base-sumergible-base-difusora-con-disco-de-9%e2%80%b3","status":"publish","type":"product","link":"https:\/\/ingenieriasae.com\/acuicultura\/producto\/difusor-mdb11-difusor-con-base-sumergible-base-difusora-con-disco-de-9%e2%80%b3\/","title":{"rendered":"Difusor MDB11 | Difusor con Base Sumergible | Base Difusora con Disco de 9\u2033"},"content":{"rendered":"<p><strong>Difusor MDB11<\/strong><\/p>\n<p>El modelo MDB11 de la marca <strong>Matala\u00ae<\/strong>\u00a0es un completo conjunto de <strong>difusor de aire<\/strong> tipo <strong>disco<\/strong> de 9&#8243; con una base hueca que se puede llenar con arena o gravilla para hacerlo auto-sumergible evitando el uso de correas o ladrillos en la instalaci\u00f3n. La base cuenta con conexi\u00f3n de 3\/4&#8243; NPT.<\/p>\n<p><b>Caracter\u00edsticas<\/b><strong>:<\/strong><\/p>\n<ul>\n<li>Disco difusor de 9&#8243; con membrana en EPDM de alta resistencia para trabajo industrial con perforaciones que abren cuando hay flujo de aire y se cierran cuando \u00e9ste se detiene, lo que aumenta la resistencia de las ranuras al desgarro y se mantiene limpio por m\u00e1s tiempo.<\/li>\n<li>Produce burbujas finas entregando el m\u00e1ximo flujo de aire con muy baja ca\u00edda de presi\u00f3n, favoreciendo a la vida \u00fatil de la bomba o equipo de aireaci\u00f3n.<\/li>\n<li>Su flujo de aire est\u00e1 va de 0.9 a 4.2 CFM.<\/li>\n<\/ul>\n","protected":false},"excerpt":{"rendered":"<p><img loading=\"lazy\" class=\"alignnone size-full wp-image-5147\" src=\"https:\/\/lifebyair.com\/wp-content\/uploads\/2020\/01\/logo-matala-1.jpg\" alt=\"\" width=\"120\" height=\"46\" \/><\/p>\n<p><b>Caracter\u00edsticas<\/b><strong>:<\/strong><\/p>\n<ul>\n<li>Disco difusor de 9&#8243;.<\/li>\n<li>Incluye una base auto-sumergible.<\/li>\n<li>Membrana en EPDM de alta resistencia.<\/li>\n<li>Produce burbujas finas.<\/li>\n<li>Flujo de aire de 0.9 a 4.2 CFM.<\/li>\n<\/ul>\n","protected":false},"featured_media":6138,"template":"","meta":[],"_links":{"self":[{"href":"https:\/\/ingenieriasae.com\/acuicultura\/wp-json\/wp\/v2\/product\/6248"}],"collection":[{"href":"https:\/\/ingenieriasae.com\/acuicultura\/wp-json\/wp\/v2\/product"}],"about":[{"href":"https:\/\/ingenieriasae.com\/acuicultura\/wp-json\/wp\/v2\/types\/product"}],"version-history":[{"count":14,"href":"https:\/\/ingenieriasae.com\/acuicultura\/wp-json\/wp\/v2\/product\/6248\/revisions"}],"predecessor-version":[{"id":6447,"href":"https:\/\/ingenieriasae.com\/acuicultura\/wp-json\/wp\/v2\/product\/6248\/revisions\/6447"}],"wp:featuredmedia":[{"embeddable":true,"href":"https:\/\/ingenieriasae.com\/acuicultura\/wp-json\/wp\/v2\/media\/6138"}],"wp:attachment":[{"href":"https:\/\/ingenieriasae.com\/acuicultura\/wp-json\/wp\/v2\/media?parent=6248"}],"curies":[{"name":"wp","href":"https:\/\/api.w.org\/{rel}","templated":true}]}}