                                                                                                                                                                                                                                                                                                                                                                                                                                                                                                                                                                                                                                                                                                                                                                                                                                                                                                                                                                                                                                                                                                                                                                                                                                                                                                                                                                                                                                                                                                                                                                                                                                                                                                                                                                                                                      {"id":6250,"date":"2020-04-06T22:36:00","date_gmt":"2020-04-06T22:36:00","guid":{"rendered":"https:\/\/lifebyair.com\/?post_type=product&#038;p=6250"},"modified":"2022-05-26T15:50:57","modified_gmt":"2022-05-26T15:50:57","slug":"difusor-mdb22-difusor-con-base-sumergible-base-unica-con-dos-difusores-de-9%e2%80%b3","status":"publish","type":"product","link":"https:\/\/ingenieriasae.com\/acuicultura\/producto\/difusor-mdb22-difusor-con-base-sumergible-base-unica-con-dos-difusores-de-9%e2%80%b3\/","title":{"rendered":"Difusor MDB22 | Difusor con Base Sumergible | Base \u00danica con Dos Difusores de 9\u2033"},"content":{"rendered":"<p><strong>Difusor MDB22<\/strong><\/p>\n<p>El modelo MDB22 de la marca <strong>Matala\u00ae<\/strong>\u00a0es un completo conjunto de dos bases huecas que se puede llenar con arena o gravilla para hacerlas auto-sumergibles evitando el uso de correas o ladrillos en la instalaci\u00f3n. Cada base cuenta con un difusor de aire tipo disco de 9&#8243; y su conexi\u00f3n es de 3\/4&#8243; NPT.<\/p>\n<p><strong>Caracter\u00edsticas:<\/strong><\/p>\n<ul>\n<li>Incluye dos discos difusores de 9&#8243; con membrana en EPDM de alta resistencia para trabajo industrial con perforaciones que abren cuando hay flujo de aire y se cierran cuando \u00e9ste se detiene, lo que aumenta la resistencia de las ranuras al desgarro y se mantienen limpios por m\u00e1s tiempo.<\/li>\n<li>Producen burbujas finas entregando el m\u00e1ximo flujo de aire con muy baja ca\u00edda de presi\u00f3n, favoreciendo a la vida \u00fatil de la bomba o equipo de aireaci\u00f3n.<\/li>\n<li>Su flujo de aire est\u00e1 va de 0.9 a 4.2 CFM por cada difusor.<\/li>\n<\/ul>\n","protected":false},"excerpt":{"rendered":"<p><img loading=\"lazy\" class=\"alignnone size-full wp-image-5147\" src=\"https:\/\/lifebyair.com\/wp-content\/uploads\/2020\/01\/logo-matala-1.jpg\" alt=\"\" width=\"120\" height=\"46\" \/><\/p>\n<p><strong>Caracter\u00edsticas:<\/strong><\/p>\n<ul>\n<li>Incluye dos discos difusores de 9&#8243;<\/li>\n<li>Incluye dos bases auto-sumergibles.<\/li>\n<li>Membrana en EPDM de alta resistencia<\/li>\n<li>Producen burbujas finas.<\/li>\n<li>Flujo de aire de 0.9 a 4.2 CFM por cada difusor.<\/li>\n<\/ul>\n","protected":false},"featured_media":8588,"template":"","meta":[],"_links":{"self":[{"href":"https:\/\/ingenieriasae.com\/acuicultura\/wp-json\/wp\/v2\/product\/6250"}],"collection":[{"href":"https:\/\/ingenieriasae.com\/acuicultura\/wp-json\/wp\/v2\/product"}],"about":[{"href":"https:\/\/ingenieriasae.com\/acuicultura\/wp-json\/wp\/v2\/types\/product"}],"version-history":[{"count":13,"href":"https:\/\/ingenieriasae.com\/acuicultura\/wp-json\/wp\/v2\/product\/6250\/revisions"}],"predecessor-version":[{"id":6459,"href":"https:\/\/ingenieriasae.com\/acuicultura\/wp-json\/wp\/v2\/product\/6250\/revisions\/6459"}],"wp:featuredmedia":[{"embeddable":true,"href":"https:\/\/ingenieriasae.com\/acuicultura\/wp-json\/wp\/v2\/media\/8588"}],"wp:attachment":[{"href":"https:\/\/ingenieriasae.com\/acuicultura\/wp-json\/wp\/v2\/media?parent=6250"}],"curies":[{"name":"wp","href":"https:\/\/api.w.org\/{rel}","templated":true}]}}