                                                                                                                                                                                                                                                                                                                                                                                                                                                                                                                                                                                                                                                                                                                                                                                                                                                                                                                                                                                                                                                                                                                                                                                                                                                                                                                                                                                                                                                                                                                                                                                                                                                                                                                                                                                                                      {"id":6422,"date":"2020-04-07T16:41:32","date_gmt":"2020-04-07T16:41:32","guid":{"rendered":"https:\/\/lifebyair.com\/?post_type=product&#038;p=6422"},"modified":"2022-05-26T20:10:35","modified_gmt":"2022-05-26T20:10:35","slug":"bomba-hk-200l-bomba-de-aire-290-lpm","status":"publish","type":"product","link":"https:\/\/ingenieriasae.com\/acuicultura\/producto\/bomba-hk-200l-bomba-de-aire-290-lpm\/","title":{"rendered":"Bomba HK-200L | Bomba de Aire | 290 LPM"},"content":{"rendered":"<p><strong>Bomba HK-200L<\/strong><\/p>\n<p>La <strong>bomba de aire<\/strong> modelo HK-200L marca <strong>Matala\u00ae<\/strong>\u00a0de la serie <strong>Hakko<\/strong> es un equipo de alta calidad y rendimiento, adecuado para estanques con profundidad m\u00e1xima de agua de hasta 3.6 m y capacidad de hasta 12000 galones, manejando un caudal de aire m\u00e1ximo de 284 lpm (10 CFM) y una capacidad nominal de 200 lpm (7 CFM). Cuenta con motor el\u00e9ctrico de 160 Watios de potencia a 110V , siendo muy eficiente en consumo de energ\u00eda.<\/p>\n<p><strong>Sus caracter\u00edsticas principales son:<\/strong><\/p>\n<ul>\n<li>Cuerpo fabricado en hierro fundido de alta duraci\u00f3n.<\/li>\n<li>Bajo nivel de ruido: 54 dB(A) a un metro de distancia en protocolo de campo abierto.<\/li>\n<li>Completamente libre de aceite.<\/li>\n<li>Protecci\u00f3n contra sobrecarga con interruptor autom\u00e1tico ON\/OFF en caso de sobrecalentamiento.<\/li>\n<li>110 voltios est\u00e1ndar. De requerirse a 220 voltios, se manejar\u00eda por pedido especial.<\/li>\n<li>Conexi\u00f3n de salida de 1\u2033.<\/li>\n<li>Cable de alimentaci\u00f3n de 1.8m de longitud.<\/li>\n<li>F\u00e1cil mantenimiento.<\/li>\n<\/ul>\n","protected":false},"excerpt":{"rendered":"<p><img loading=\"lazy\" class=\"alignnone size-full wp-image-5147\" src=\"https:\/\/lifebyair.com\/wp-content\/uploads\/2020\/01\/logo-matala-1.jpg\" alt=\"\" width=\"120\" height=\"46\" \/><\/p>\n<p><strong>Caracter\u00edsticas:<\/strong><\/p>\n<ul>\n<li>Cuerpo fabricado en hierro fundido de alta duraci\u00f3n.<\/li>\n<li>Bajo nivel de ruido: 54 dB(A) a un metro de distancia en protocolo de campo abierto.<\/li>\n<li>Completamente libre de aceite.<\/li>\n<li>Protecci\u00f3n contra sobrecarga con interruptor autom\u00e1tico ON\/OFF en caso de sobrecalentamiento.<\/li>\n<li>110 voltios est\u00e1ndar. De requerirse a 220 voltios, se manejar\u00eda por pedido especial.<\/li>\n<li>Conexi\u00f3n de salida de 1\u2033.<\/li>\n<li>Cable de alimentaci\u00f3n de 1.8m de longitud.<\/li>\n<li>F\u00e1cil mantenimiento.<\/li>\n<\/ul>\n","protected":false},"featured_media":5274,"template":"","meta":[],"_links":{"self":[{"href":"https:\/\/ingenieriasae.com\/acuicultura\/wp-json\/wp\/v2\/product\/6422"}],"collection":[{"href":"https:\/\/ingenieriasae.com\/acuicultura\/wp-json\/wp\/v2\/product"}],"about":[{"href":"https:\/\/ingenieriasae.com\/acuicultura\/wp-json\/wp\/v2\/types\/product"}],"version-history":[{"count":6,"href":"https:\/\/ingenieriasae.com\/acuicultura\/wp-json\/wp\/v2\/product\/6422\/revisions"}],"predecessor-version":[{"id":10061,"href":"https:\/\/ingenieriasae.com\/acuicultura\/wp-json\/wp\/v2\/product\/6422\/revisions\/10061"}],"wp:featuredmedia":[{"embeddable":true,"href":"https:\/\/ingenieriasae.com\/acuicultura\/wp-json\/wp\/v2\/media\/5274"}],"wp:attachment":[{"href":"https:\/\/ingenieriasae.com\/acuicultura\/wp-json\/wp\/v2\/media?parent=6422"}],"curies":[{"name":"wp","href":"https:\/\/api.w.org\/{rel}","templated":true}]}}