                                                                                                                                                                                                                                                                                                                                                                                                                                                                                                                                                                                                                                                                                                                                                                                                                                                                                                                                                                                                                                                                                                                                                                                                                                                                                                                                                                                                                                                                                                                                                                                                                                                                                                                                                                                                                      {"id":6434,"date":"2020-04-07T16:56:12","date_gmt":"2020-04-07T16:56:12","guid":{"rendered":"https:\/\/lifebyair.com\/?post_type=product&#038;p=6434"},"modified":"2020-09-15T21:56:56","modified_gmt":"2020-09-15T21:56:56","slug":"difusor-de-acero-inoxidable-burbuja-gruesa-24","status":"publish","type":"product","link":"https:\/\/ingenieriasae.com\/acuicultura\/producto\/difusor-de-acero-inoxidable-burbuja-gruesa-24\/","title":{"rendered":"Difusor de Acero Inoxidable | Burbuja Gruesa 24&#8243;"},"content":{"rendered":"<p><strong>Difusor de Acero Inoxidable<\/strong><\/p>\n<p>El modelo WBCB304-24 de la marca <strong>SSI<\/strong> es un <strong>difusor de burbuja gruesa<\/strong> de banda ancha fabricado en acero inoxidable 304 de 24 &#8221; de largo.<\/p>\n<p>Caracter\u00edsticas:<\/p>\n<ul>\n<li>Es ideal para el uso en acuicultura (incluidos peces, moluscos, crust\u00e1ceos y plantas acu\u00e1ticas) digestores aer\u00f3bicos, tratamiento de aguas, canales y tanques de compensaci\u00f3n.<\/li>\n<li>Dise\u00f1ados para no obstruirse<\/li>\n<li>Con tasas de transferencia de ox\u00edgeno de 0.5 a 0.8% por pie de inmersi\u00f3n (1.7 a 2.5 % SOTE \/ m).<\/li>\n<\/ul>\n","protected":false},"excerpt":{"rendered":"<p><img loading=\"lazy\" class=\"alignnone size-full wp-image-4728\" src=\"https:\/\/lifebyair.com\/wp-content\/uploads\/2020\/01\/SSI_LOGO.jpg\" alt=\"\" width=\"72\" height=\"36\" \/><\/p>\n<p><strong>Caracter\u00edsticas:<\/strong><\/p>\n<ul>\n<li>Es ideal para el uso en acuicultura (incluidos peces, moluscos, crust\u00e1ceos y plantas acu\u00e1ticas) digestores aer\u00f3bicos, tratamiento de aguas, canales y tanques de compensaci\u00f3n.<\/li>\n<li>Dise\u00f1ados para no obstruirse<\/li>\n<li>Con tasas de transferencia de ox\u00edgeno de 0.5 a 0.8% por pie de inmersi\u00f3n (1.7 a 2.5 % SOTE \/ m).<\/li>\n<\/ul>\n","protected":false},"featured_media":4998,"template":"","meta":[],"_links":{"self":[{"href":"https:\/\/ingenieriasae.com\/acuicultura\/wp-json\/wp\/v2\/product\/6434"}],"collection":[{"href":"https:\/\/ingenieriasae.com\/acuicultura\/wp-json\/wp\/v2\/product"}],"about":[{"href":"https:\/\/ingenieriasae.com\/acuicultura\/wp-json\/wp\/v2\/types\/product"}],"version-history":[{"count":5,"href":"https:\/\/ingenieriasae.com\/acuicultura\/wp-json\/wp\/v2\/product\/6434\/revisions"}],"predecessor-version":[{"id":9738,"href":"https:\/\/ingenieriasae.com\/acuicultura\/wp-json\/wp\/v2\/product\/6434\/revisions\/9738"}],"wp:featuredmedia":[{"embeddable":true,"href":"https:\/\/ingenieriasae.com\/acuicultura\/wp-json\/wp\/v2\/media\/4998"}],"wp:attachment":[{"href":"https:\/\/ingenieriasae.com\/acuicultura\/wp-json\/wp\/v2\/media?parent=6434"}],"curies":[{"name":"wp","href":"https:\/\/api.w.org\/{rel}","templated":true}]}}