                                                                                                                                                                                                                                                                                                                                                                                                                                                                                                                                                                                                                                                                                                                                                                                                                                                                                                                                                                                                                                                                                                                                                                                                                                                                                                                                                                                                                                                                                                                                                                                                                                                                                                                                                                                                                      {"id":6454,"date":"2020-04-07T19:20:11","date_gmt":"2020-04-07T19:20:11","guid":{"rendered":"https:\/\/lifebyair.com\/?post_type=product&#038;p=6454"},"modified":"2025-03-25T20:08:00","modified_gmt":"2025-03-25T20:08:00","slug":"difusor-mdb12-difusor-con-base-sumergible-base-simple-con-dos-difusores-de-9","status":"publish","type":"product","link":"https:\/\/ingenieriasae.com\/acuicultura\/producto\/difusor-mdb12-difusor-con-base-sumergible-base-simple-con-dos-difusores-de-9\/","title":{"rendered":"Difusor MDB12 | Difusor con Base Sumergible | Base Simple con Dos Difusores de 9&#8243;"},"content":{"rendered":"<p><strong>Difusor MDB12<\/strong><\/p>\n<p>El modelo MDB12 de la marca <strong>Matala\u00ae<\/strong>\u00a0es un completo conjunto de dos plataformas, cada una con un <strong>difusor de aire<\/strong> de 9&#8243;, unidos a una base hueca que se puede llenar con arena o gravilla para hacerlo auto-sumergible evitando el uso de correas o ladrillos en la instalaci\u00f3n. La base cuenta con conexi\u00f3n de 3\/4&#8243; NPT.<\/p>\n<p><strong>Caracter\u00edsticas:<\/strong><\/p>\n<ul>\n<li>Incluye dos discos difusores de 9&#8243; con membrana en EPDM de alta resistencia para trabajo industrial con perforaciones que abren cuando hay flujo de aire y se cierran cuando \u00e9ste se detiene, lo que aumenta la resistencia de las ranuras al desgarro y se mantienen limpios por m\u00e1s tiempo.<\/li>\n<li>Producen burbujas finas entregando el m\u00e1ximo flujo de aire con muy baja ca\u00edda de presi\u00f3n, favoreciendo a la vida \u00fatil de la bomba o equipo de aireaci\u00f3n.<\/li>\n<li>Su flujo de aire est\u00e1 va de 0.9 a 4.2 CFM por cada difusor.<\/li>\n<\/ul>\n","protected":false},"excerpt":{"rendered":"<p><img loading=\"lazy\" class=\"alignnone size-full wp-image-5147\" src=\"https:\/\/lifebyair.com\/wp-content\/uploads\/2020\/01\/logo-matala-1.jpg\" alt=\"\" width=\"120\" height=\"46\" \/><\/p>\n<p><strong>Caracter\u00edsticas:<\/strong><\/p>\n<ul>\n<li>Incluye dos discos difusores de 9&#8243;<\/li>\n<li>Incluye una base auto-sumergible.<\/li>\n<li>Membrana en EPDM de alta resistencia.<\/li>\n<li>Producen burbujas finas.<\/li>\n<li>Flujo de aire de 0.9 a 4.2 CFM por cada difusor.<\/li>\n<\/ul>\n","protected":false},"featured_media":7085,"template":"","meta":[],"_links":{"self":[{"href":"https:\/\/ingenieriasae.com\/acuicultura\/wp-json\/wp\/v2\/product\/6454"}],"collection":[{"href":"https:\/\/ingenieriasae.com\/acuicultura\/wp-json\/wp\/v2\/product"}],"about":[{"href":"https:\/\/ingenieriasae.com\/acuicultura\/wp-json\/wp\/v2\/types\/product"}],"version-history":[{"count":10,"href":"https:\/\/ingenieriasae.com\/acuicultura\/wp-json\/wp\/v2\/product\/6454\/revisions"}],"predecessor-version":[{"id":10090,"href":"https:\/\/ingenieriasae.com\/acuicultura\/wp-json\/wp\/v2\/product\/6454\/revisions\/10090"}],"wp:featuredmedia":[{"embeddable":true,"href":"https:\/\/ingenieriasae.com\/acuicultura\/wp-json\/wp\/v2\/media\/7085"}],"wp:attachment":[{"href":"https:\/\/ingenieriasae.com\/acuicultura\/wp-json\/wp\/v2\/media?parent=6454"}],"curies":[{"name":"wp","href":"https:\/\/api.w.org\/{rel}","templated":true}]}}