                                                                                                                                                                                                                                                                                                                                                                                                                                                                                                                                                                                                                                                                                                                                                                                                                                                                                                                                                                                                                                                                                                                                                                                                                                                                                                                                                                                                                                                                                                                                                                                                                                                                                                                                                                                                                      {"id":6462,"date":"2020-04-07T19:49:47","date_gmt":"2020-04-07T19:49:47","guid":{"rendered":"https:\/\/lifebyair.com\/?post_type=product&#038;p=6462"},"modified":"2022-05-26T15:38:46","modified_gmt":"2022-05-26T15:38:46","slug":"difusor-mdb24-difusor-con-base-sumergible-base-doble-con-cuatro-difusores-de-9","status":"publish","type":"product","link":"https:\/\/ingenieriasae.com\/acuicultura\/producto\/difusor-mdb24-difusor-con-base-sumergible-base-doble-con-cuatro-difusores-de-9\/","title":{"rendered":"Difusor MDB24 | Difusor con Base Sumergible | Base Doble con Cuatro Difusores de 9&#8243;"},"content":{"rendered":"<p><strong>Difusor MDB24<\/strong><\/p>\n<p>El modelo MDB24 de la marca <strong>Matala\u00ae<\/strong>\u00a0es un completo conjunto de cuatro plataformas, cada una con un <strong>difusor de aire<\/strong> de 9&#8243;, unidos a dos bases huecas que se pueden llenar con arena o gravilla para hacerlas auto-sumergibles evitando el uso de correas o ladrillos en la instalaci\u00f3n. Cada base cuenta con conexi\u00f3n de 3\/4&#8243; NPT.<\/p>\n<p><strong>Caracter\u00edsticas:<\/strong><\/p>\n<ul>\n<li>Incluye cuatro discos difusores de 9&#8243; con membrana en EPDM de alta resistencia para trabajo industrial con perforaciones que abren cuando hay flujo de aire y se cierran cuando \u00e9ste se detiene, lo que aumenta la resistencia de las ranuras al desgarro y se mantienen limpios por m\u00e1s tiempo.<\/li>\n<li>Producen burbujas finas entregando el m\u00e1ximo flujo de aire con muy baja ca\u00edda de presi\u00f3n, favoreciendo a la vida \u00fatil de la bomba o equipo de aireaci\u00f3n.<\/li>\n<li>Su flujo de aire est\u00e1 va de 0.9 a 4.2 CFM por cada difusor.<\/li>\n<\/ul>\n","protected":false},"excerpt":{"rendered":"<p><img loading=\"lazy\" class=\"alignnone size-full wp-image-5147\" src=\"https:\/\/lifebyair.com\/wp-content\/uploads\/2020\/01\/logo-matala-1.jpg\" alt=\"\" width=\"120\" height=\"46\" \/><\/p>\n<p><strong>Caracter\u00edsticas:<\/strong><\/p>\n<ul>\n<li>Incluye cuatro discos difusores de 9&#8243;<\/li>\n<li>Incluye dos bases auto-sumergibles.<\/li>\n<li>Membrana en EPDM de alta resistencia.<\/li>\n<li>Producen burbujas finas.<\/li>\n<li>Flujo de aire de 0.9 a 4.2 CFM por cada difusor.<\/li>\n<\/ul>\n","protected":false},"featured_media":8584,"template":"","meta":[],"_links":{"self":[{"href":"https:\/\/ingenieriasae.com\/acuicultura\/wp-json\/wp\/v2\/product\/6462"}],"collection":[{"href":"https:\/\/ingenieriasae.com\/acuicultura\/wp-json\/wp\/v2\/product"}],"about":[{"href":"https:\/\/ingenieriasae.com\/acuicultura\/wp-json\/wp\/v2\/types\/product"}],"version-history":[{"count":11,"href":"https:\/\/ingenieriasae.com\/acuicultura\/wp-json\/wp\/v2\/product\/6462\/revisions"}],"predecessor-version":[{"id":8014,"href":"https:\/\/ingenieriasae.com\/acuicultura\/wp-json\/wp\/v2\/product\/6462\/revisions\/8014"}],"wp:featuredmedia":[{"embeddable":true,"href":"https:\/\/ingenieriasae.com\/acuicultura\/wp-json\/wp\/v2\/media\/8584"}],"wp:attachment":[{"href":"https:\/\/ingenieriasae.com\/acuicultura\/wp-json\/wp\/v2\/media?parent=6462"}],"curies":[{"name":"wp","href":"https:\/\/api.w.org\/{rel}","templated":true}]}}