                                                                                                                                                                                                                                                                                                                                                                                                                                                                                                                                                                                                                                                                                                                                                                                                                                                                                                                                                                                                                                                                                                                                                                                                                                                                                                                                                                                                                                                                                                                                                                                                                                                                                                                                                                                                                      {"id":6494,"date":"2020-04-07T21:34:41","date_gmt":"2020-04-07T21:34:41","guid":{"rendered":"https:\/\/lifebyair.com\/?post_type=product&#038;p=6494"},"modified":"2022-05-26T16:55:20","modified_gmt":"2022-05-26T16:55:20","slug":"cepillo-de-filtro-fb23-cepillo-de-filtro-de-23-4-de-diametro","status":"publish","type":"product","link":"https:\/\/ingenieriasae.com\/acuicultura\/producto\/cepillo-de-filtro-fb23-cepillo-de-filtro-de-23-4-de-diametro\/","title":{"rendered":"Cepillo de Filtro FB23 | Cepillo de Filtro de 23&#8243; | 4&#8243; de Di\u00e1metro"},"content":{"rendered":"<p><strong>Cepillo de Filtro FB23<\/strong><\/p>\n<p><strong>Medio filtrante tipo cepillo<\/strong> modelo FB23 marca <strong>Matala\u00ae<\/strong> es un excelente mecanismo del filtrado que ha sido usado durante mucho tiempo en estanques KOI por recoger grandes cantidades de suciedad sin restringir el flujo de agua, incluso cuando est\u00e1n sucios. Funcionan bien tanto para la eliminaci\u00f3n de s\u00f3lidos como para la filtraci\u00f3n biol\u00f3gica.<\/p>\n<p>Caracter\u00edsticas:<\/p>\n<ul>\n<li>Cuenta con una longitud de 23\u2033<\/li>\n<li>Cuenta con un Di\u00e1metro de 4\u2033 de di\u00e1metro<\/li>\n<li>N\u00facleo central de acero inoxidable.<\/li>\n<\/ul>\n","protected":false},"excerpt":{"rendered":"<p><img loading=\"lazy\" class=\"alignnone size-full wp-image-5147\" src=\"https:\/\/lifebyair.com\/wp-content\/uploads\/2020\/01\/logo-matala-1.jpg\" alt=\"\" width=\"120\" height=\"46\" \/><\/p>\n<p><strong>Caracter\u00edsticas:<\/strong><\/p>\n<ul>\n<li>Cuenta con una longitud de 23\u2033<\/li>\n<li>Cuenta con un Di\u00e1metro de 4\u2033 de di\u00e1metro<\/li>\n<li>N\u00facleo central de acero inoxidable.<\/li>\n<\/ul>\n","protected":false},"featured_media":6491,"template":"","meta":[],"_links":{"self":[{"href":"https:\/\/ingenieriasae.com\/acuicultura\/wp-json\/wp\/v2\/product\/6494"}],"collection":[{"href":"https:\/\/ingenieriasae.com\/acuicultura\/wp-json\/wp\/v2\/product"}],"about":[{"href":"https:\/\/ingenieriasae.com\/acuicultura\/wp-json\/wp\/v2\/types\/product"}],"version-history":[{"count":8,"href":"https:\/\/ingenieriasae.com\/acuicultura\/wp-json\/wp\/v2\/product\/6494\/revisions"}],"predecessor-version":[{"id":10148,"href":"https:\/\/ingenieriasae.com\/acuicultura\/wp-json\/wp\/v2\/product\/6494\/revisions\/10148"}],"wp:featuredmedia":[{"embeddable":true,"href":"https:\/\/ingenieriasae.com\/acuicultura\/wp-json\/wp\/v2\/media\/6491"}],"wp:attachment":[{"href":"https:\/\/ingenieriasae.com\/acuicultura\/wp-json\/wp\/v2\/media?parent=6494"}],"curies":[{"name":"wp","href":"https:\/\/api.w.org\/{rel}","templated":true}]}}