                                                                                                                                                                                                                                                                                                                                                                                                                                                                                                                                                                                                                                                                                                                                                                                                                                                                                                                                                                                                                                                                                                                                                                                                                                                                                                                                                                                                                                                                                                                                                                                                                                                                                                                                                                                                                      {"id":6496,"date":"2020-04-07T21:50:42","date_gmt":"2020-04-07T21:50:42","guid":{"rendered":"https:\/\/lifebyair.com\/?post_type=product&#038;p=6496"},"modified":"2022-05-26T16:42:38","modified_gmt":"2022-05-26T16:42:38","slug":"biosteps-10-filtro-de-agua-externo","status":"publish","type":"product","link":"https:\/\/ingenieriasae.com\/acuicultura\/producto\/biosteps-10-filtro-de-agua-externo\/","title":{"rendered":"Biosteps 10 | Filtro de Agua Externo"},"content":{"rendered":"<p><strong>Biosteps 10 | Filtro de Agua Externo<\/strong><\/p>\n<p>El <strong>Biosteps 10<\/strong> marca <strong>Matala\u00ae<\/strong>\u00a0es un filtro de gravedad que maximiza el rendimiento del medio filtrante. Cuenta con una superficie de 0.9 m2 (200 pies cuadrados) lo que favorece el crecimiento de bacterias ben\u00e9ficas para el cultivo de peces ofreciendo una filtraci\u00f3n mec\u00e1nica y biol\u00f3gica incomparable para una mejor calidad de agua. Adem\u00e1s, con su dise\u00f1o de flujo cruzado atrapa y procesa m\u00e1s desechos a altas tasas de flujo. Permite combinar varias unidades para estanques de acuicultura y si se usa con un clarificador UV opcional se obtendr\u00e1 una mayor claridad del agua.<\/p>\n<p>Sus caracter\u00edsticas principales son:<\/p>\n<ul>\n<li>Entrada con conexiones de 1&#8243;, 1-1\/4&#8243; y 1-1\/2\u2033 y salida de 1-1\/2\u2033.<\/li>\n<li>Para estanques de hasta 10,000 litros \/ 2,700 galones<\/li>\n<li>Transici\u00f3n gradual de la filtraci\u00f3n mec\u00e1nica a la biofiltraci\u00f3n de alta eficiencia.<\/li>\n<li>Filtraci\u00f3n progresiva de \u00faltima generaci\u00f3n.<\/li>\n<li>Cuenta con suficiente volumen de medios filtrantes con densidades progresivas.<\/li>\n<li>El dise\u00f1o del filtro mejora el crecimiento de diferentes tipos de bacterias y organismos planct\u00f3nicos que se adaptar\u00e1n a diferentes secciones del filtro.<\/li>\n<li>Flujo cruzado: atrapa m\u00e1s suciedad a tasas de flujo altas sin taponamiento.<\/li>\n<li>Caudal de hasta 4 m3\/h (1060 GPH).<\/li>\n<li>Seguridad de desbordamiento incorporada.<\/li>\n<li>F\u00e1cil mantenimiento.<\/li>\n<li>Seguridad de desbordamiento incorporado.<\/li>\n<li>Disponible con clarificadores UV-C opcionales.<\/li>\n<li>Disponible con vertedero de cascada opcional.<\/li>\n<li>Fondo inclinado en la salida para facilitar el drenaje de los residuos.<\/li>\n<li>El dise\u00f1o modular permite una futura expansi\u00f3n.<\/li>\n<li>Construcci\u00f3n robusta.<\/li>\n<\/ul>\n","protected":false},"excerpt":{"rendered":"<p><img loading=\"lazy\" class=\"alignnone size-full wp-image-5147\" src=\"https:\/\/lifebyair.com\/wp-content\/uploads\/2020\/01\/logo-matala-1.jpg\" alt=\"\" width=\"120\" height=\"46\" \/><\/p>\n<p><b>Caracter\u00edsticas<\/b><strong>:<\/strong><\/p>\n<ul>\n<li>Entrada con conexiones de 1&#8243;, 1-1\/4&#8243; y 1-1\/2\u2033 y salida de 1-1\/2\u2033.<\/li>\n<li>Para estanques de hasta 10,000 litros \/ 2,700 galones<\/li>\n<li>Transici\u00f3n gradual de la filtraci\u00f3n mec\u00e1nica a la biofiltraci\u00f3n de alta eficiencia.<\/li>\n<li>Filtraci\u00f3n progresiva de \u00faltima generaci\u00f3n.<\/li>\n<li>Cuenta con suficiente volumen de medios filtrantes con densidades progresivas.<\/li>\n<li>El dise\u00f1o del filtro mejora el crecimiento de diferentes tipos de bacterias y organismos planct\u00f3nicos que se adaptar\u00e1n a diferentes secciones del filtro.<\/li>\n<li>Flujo cruzado: atrapa m\u00e1s suciedad a tasas de flujo altas sin taponamiento.<\/li>\n<li>Caudal de hasta 4 m3\/h (1060 GPH).<\/li>\n<li>Seguridad de desbordamiento incorporada.<\/li>\n<li>F\u00e1cil mantenimiento.<\/li>\n<li>Seguridad de desbordamiento incorporado.<\/li>\n<li>Disponible con clarificadores UV-C opcionales.<\/li>\n<li>Disponible con vertedero de cascada opcional.<\/li>\n<li>Fondo inclinado en la salida para facilitar el drenaje de los residuos.<\/li>\n<li>El dise\u00f1o modular permite una futura expansi\u00f3n.<\/li>\n<li>Construcci\u00f3n robusta.<\/li>\n<\/ul>\n","protected":false},"featured_media":5135,"template":"","meta":[],"_links":{"self":[{"href":"https:\/\/ingenieriasae.com\/acuicultura\/wp-json\/wp\/v2\/product\/6496"}],"collection":[{"href":"https:\/\/ingenieriasae.com\/acuicultura\/wp-json\/wp\/v2\/product"}],"about":[{"href":"https:\/\/ingenieriasae.com\/acuicultura\/wp-json\/wp\/v2\/types\/product"}],"version-history":[{"count":10,"href":"https:\/\/ingenieriasae.com\/acuicultura\/wp-json\/wp\/v2\/product\/6496\/revisions"}],"predecessor-version":[{"id":10375,"href":"https:\/\/ingenieriasae.com\/acuicultura\/wp-json\/wp\/v2\/product\/6496\/revisions\/10375"}],"wp:featuredmedia":[{"embeddable":true,"href":"https:\/\/ingenieriasae.com\/acuicultura\/wp-json\/wp\/v2\/media\/5135"}],"wp:attachment":[{"href":"https:\/\/ingenieriasae.com\/acuicultura\/wp-json\/wp\/v2\/media?parent=6496"}],"curies":[{"name":"wp","href":"https:\/\/api.w.org\/{rel}","templated":true}]}}