                                                                                                                                                                                                                                                                                                                                                                                                                                                                                                                                                                                                                                                                                                                                                                                                                                                                                                                                                                                                                                                                                                                                                                                                                                                                                                                                                                                                                                                                                                                                                                                                                                                                                                                                                                                                                      {"id":6499,"date":"2020-04-07T21:56:54","date_gmt":"2020-04-07T21:56:54","guid":{"rendered":"https:\/\/lifebyair.com\/?post_type=product&#038;p=6499"},"modified":"2020-09-28T23:25:15","modified_gmt":"2020-09-28T23:25:15","slug":"biosteps-10-9wc-filtro-con-bombilla-philips-uvc-de-9w-1-caja","status":"publish","type":"product","link":"https:\/\/ingenieriasae.com\/acuicultura\/producto\/biosteps-10-9wc-filtro-con-bombilla-philips-uvc-de-9w-1-caja\/","title":{"rendered":"Biosteps 10-9Wc | Filtro con Bombilla Philips UVC de 9w | 1\/Caja"},"content":{"rendered":"<p><strong>Biosteps 10-9Wc | Filtro con Bombilla Philips UVC de 9w | 1\/Caja<\/strong><\/p>\n<p>El Biosteps 10 marca <strong>Matala\u00ae<\/strong>\u00a0es un filtro de gravedad que maximiza el rendimiento del medio filtrante. Cuenta con una superficie de 0.9 m2 (200 pies cuadrados) lo que favorece el crecimiento de bacterias ben\u00e9ficas para el cultivo de peces ofreciendo una filtraci\u00f3n mec\u00e1nica y biol\u00f3gica incomparable para una mejor calidad de agua. Adem\u00e1s, con su dise\u00f1o de flujo cruzado atrapa y procesa m\u00e1s desechos a altas tasas de flujo.<\/p>\n<p>Las caracter\u00edsticas del filtro Biosteps son las siguientes:<\/p>\n<ul>\n<li>Incluye bombilla clarificadora UV EzClear de 9W.<\/li>\n<li>Filtraci\u00f3n progresiva de \u00faltima generaci\u00f3n.<\/li>\n<li>Cuenta con suficiente volumen de medios filtrantes con densidades progresivas.<\/li>\n<li>El dise\u00f1o del filtro mejora el crecimiento de diferentes tipos de bacterias y organismos planct\u00f3nicos que se adaptar\u00e1n a diferentes secciones del filtro.<\/li>\n<li>Flujo cruzado: atrapa m\u00e1s suciedad a tasas de flujo altas sin taponamiento.<\/li>\n<li>Caudal de hasta 4 m3\/h (1060 GPH).<\/li>\n<li>Seguridad de desbordamiento incorporada.<\/li>\n<li>F\u00e1cil mantenimiento.<\/li>\n<li>Fondo inclinado en la salida para facilitar el drenaje de los residuos.<\/li>\n<li>El dise\u00f1o modular permite una futura expansi\u00f3n.<\/li>\n<li>Construcci\u00f3n robusta.<\/li>\n<\/ul>\n","protected":false},"excerpt":{"rendered":"<p><img loading=\"lazy\" class=\"alignnone size-full wp-image-5147\" src=\"https:\/\/lifebyair.com\/wp-content\/uploads\/2020\/01\/logo-matala-1.jpg\" alt=\"\" width=\"120\" height=\"46\" \/><\/p>\n<p><b>Caracter\u00edsticas<\/b><strong>:<\/strong><\/p>\n<ul>\n<li>Bombilla clarificadora UV EzClear de 9W.<\/li>\n<li>Filtraci\u00f3n progresiva de \u00faltima generaci\u00f3n.<\/li>\n<li>Cuenta con suficiente volumen de medios filtrantes con densidades progresivas.<\/li>\n<li>El dise\u00f1o del filtro mejora el crecimiento de diferentes tipos de bacterias y organismos planct\u00f3nicos que se adaptar\u00e1n a diferentes secciones del filtro.<\/li>\n<li>Flujo cruzado: atrapa m\u00e1s suciedad a tasas de flujo altas sin taponamiento.<\/li>\n<li>Caudal de hasta 4 m3\/h (1060 GPH).<\/li>\n<li>Seguridad de desbordamiento incorporada.<\/li>\n<li>F\u00e1cil mantenimiento.<\/li>\n<li>Fondo inclinado en la salida para facilitar el drenaje de los residuos.<\/li>\n<li>El dise\u00f1o modular permite una futura expansi\u00f3n.<\/li>\n<li>Construcci\u00f3n robusta.<\/li>\n<\/ul>\n","protected":false},"featured_media":9812,"template":"","meta":[],"_links":{"self":[{"href":"https:\/\/ingenieriasae.com\/acuicultura\/wp-json\/wp\/v2\/product\/6499"}],"collection":[{"href":"https:\/\/ingenieriasae.com\/acuicultura\/wp-json\/wp\/v2\/product"}],"about":[{"href":"https:\/\/ingenieriasae.com\/acuicultura\/wp-json\/wp\/v2\/types\/product"}],"version-history":[{"count":11,"href":"https:\/\/ingenieriasae.com\/acuicultura\/wp-json\/wp\/v2\/product\/6499\/revisions"}],"predecessor-version":[{"id":6516,"href":"https:\/\/ingenieriasae.com\/acuicultura\/wp-json\/wp\/v2\/product\/6499\/revisions\/6516"}],"wp:featuredmedia":[{"embeddable":true,"href":"https:\/\/ingenieriasae.com\/acuicultura\/wp-json\/wp\/v2\/media\/9812"}],"wp:attachment":[{"href":"https:\/\/ingenieriasae.com\/acuicultura\/wp-json\/wp\/v2\/media?parent=6499"}],"curies":[{"name":"wp","href":"https:\/\/api.w.org\/{rel}","templated":true}]}}