                                                                                                                                                                                                                                                                                                                                                                                                                                                                                                                                                                                                                                                                                                                                                                                                                                                                                                                                                                                                                                                                                                                                                                                                                                                                                                                                                                                                                                                                                                                                                                                                                                                                                                                                                                                                                      {"id":6545,"date":"2020-04-08T18:32:35","date_gmt":"2020-04-08T18:32:35","guid":{"rendered":"https:\/\/lifebyair.com\/?post_type=product&#038;p=6545"},"modified":"2020-09-29T16:11:01","modified_gmt":"2020-09-29T16:11:01","slug":"bombilla-uvc9wp-bombilla-philips-9w","status":"publish","type":"product","link":"https:\/\/ingenieriasae.com\/acuicultura\/producto\/bombilla-uvc9wp-bombilla-philips-9w\/","title":{"rendered":"Bombilla UVC9Wp | Bombilla Philips | 9W"},"content":{"rendered":"<p><strong>Bombilla UVC9Wp<\/strong><\/p>\n<p>La <strong>bombilla clarificadora<\/strong> tipo <strong>PLS<\/strong> modelo UVC9Wp marca <strong>Matala\u00ae<\/strong> est\u00e1 dise\u00f1ada para ayudar a suprimir las floraciones de algas verdes, bacterias da\u00f1inas, par\u00e1sitos, hongos, protozoos y virus en el agua para cultivo. Incluso en un ecosistema de estanque equilibrado, pueden ocurrir floraciones repentinas de tales organismos debido a cambios anormales de clima, comportamiento de alimentaci\u00f3n de los peces, niveles de nutrientes minerales, etc. Estas floraciones pueden desembocar en agua verde, niveles de ox\u00edgeno letales o condiciones de salud inadecuadas para peces y plantas acu\u00e1ticas. Cuenta con fundas de cuarzo de alta calidad que permiten la transmisi\u00f3n de m\u00e1s del 95% de la luz ultravioleta. F\u00e1cil instalaci\u00f3n, con rosca interna de 1\u00bc &#8220;y rosca externa de 1\u00bd&#8221;. Incluye cable de alimentaci\u00f3n de 4.5m con transformador en l\u00ednea.<\/p>\n","protected":false},"excerpt":{"rendered":"<p><img loading=\"lazy\" class=\"alignnone size-full wp-image-5147\" src=\"https:\/\/lifebyair.com\/wp-content\/uploads\/2020\/01\/logo-matala-1.jpg\" alt=\"\" width=\"120\" height=\"46\" \/><\/p>\n<p><strong>Caracter\u00edsticas:<\/strong><\/p>\n<ul>\n<li>Estas floraciones pueden desembocar en agua verde.<\/li>\n<li>Niveles de ox\u00edgeno letales o condiciones de salud inadecuadas para peces y plantas acu\u00e1ticas.<\/li>\n<li>Cuenta con fundas de cuarzo de alta calidad que permiten la transmisi\u00f3n de m\u00e1s del 95% de la luz ultravioleta.<\/li>\n<li>F\u00e1cil instalaci\u00f3n, con rosca interna de 1\u00bc &#8220;y rosca externa de 1\u00bd&#8221;.<\/li>\n<li>Incluye cable de alimentaci\u00f3n de 4.5m con transformador en l\u00ednea.<\/li>\n<\/ul>\n","protected":false},"featured_media":6547,"template":"","meta":[],"_links":{"self":[{"href":"https:\/\/ingenieriasae.com\/acuicultura\/wp-json\/wp\/v2\/product\/6545"}],"collection":[{"href":"https:\/\/ingenieriasae.com\/acuicultura\/wp-json\/wp\/v2\/product"}],"about":[{"href":"https:\/\/ingenieriasae.com\/acuicultura\/wp-json\/wp\/v2\/types\/product"}],"version-history":[{"count":7,"href":"https:\/\/ingenieriasae.com\/acuicultura\/wp-json\/wp\/v2\/product\/6545\/revisions"}],"predecessor-version":[{"id":10161,"href":"https:\/\/ingenieriasae.com\/acuicultura\/wp-json\/wp\/v2\/product\/6545\/revisions\/10161"}],"wp:featuredmedia":[{"embeddable":true,"href":"https:\/\/ingenieriasae.com\/acuicultura\/wp-json\/wp\/v2\/media\/6547"}],"wp:attachment":[{"href":"https:\/\/ingenieriasae.com\/acuicultura\/wp-json\/wp\/v2\/media?parent=6545"}],"curies":[{"name":"wp","href":"https:\/\/api.w.org\/{rel}","templated":true}]}}