                                                                                                                                                                                                                                                                                                                                                                                                                                                                                                                                                                                                                                                                                                                                                                                                                                                                                                                                                                                                                                                                                                                                                                                                                                                                                                                                                                                                                                                                                                                                                                                                                                                                                                                                                                                                                      {"id":6684,"date":"2020-04-09T22:05:38","date_gmt":"2020-04-09T22:05:38","guid":{"rendered":"https:\/\/lifebyair.com\/?post_type=product&#038;p=6684"},"modified":"2022-05-26T17:02:42","modified_gmt":"2022-05-26T17:02:42","slug":"filtro-gymat-almohadilla-de-filtro-hoja-completa-gris-48-x-39-5-x-1-5-super-alta-densidad","status":"publish","type":"product","link":"https:\/\/ingenieriasae.com\/acuicultura\/producto\/filtro-gymat-almohadilla-de-filtro-hoja-completa-gris-48-x-39-5-x-1-5-super-alta-densidad\/","title":{"rendered":"Filtro GYMAT | Almohadilla de Filtro | Hoja Completa Gris | 48&#8243; x 39.5&#8243; x 1.5&#8243; | Super Alta Densidad"},"content":{"rendered":"<p><strong>Filtro GYMAT<\/strong><\/p>\n<p>La almohadilla de filtro gris<strong> Matala\u00ae<\/strong> proporcionar\u00e1 una filtraci\u00f3n de part\u00edculas mucho m\u00e1s peque\u00f1as manteniendo una buena distribuci\u00f3n del flujo favoreciendo la vida \u00fatil de la bomba. En sistemas grandes, se puede utilizar en conjunto y en secuencia con los otros cuatro tipos de almohadillas filtrantes para eliminar esencialmente todos los s\u00f3lidos logrando el m\u00e1ximo de biofiltraci\u00f3n. Los medios redondeados o enrollados se pueden utilizar en tanques redondos.<\/p>\n<p>Los medios filtrantes de Matala funcionan perfectamente con dise\u00f1os de filtros de flujo ascendente y de f\u00e1cil limpieza. La configuraci\u00f3n ideal ser\u00eda el medio filtrante Matala\u00ae ubicado verticalmente para una limpieza f\u00e1cil. En posici\u00f3n horizontal ser\u00e1 necesario retirar todas las piezas para llegar a la pieza sucia del fondo.<\/p>\n","protected":false},"excerpt":{"rendered":"<p><img loading=\"lazy\" class=\"alignnone size-full wp-image-5147\" src=\"https:\/\/lifebyair.com\/wp-content\/uploads\/2020\/01\/logo-matala-1.jpg\" alt=\"\" width=\"120\" height=\"46\" \/><\/p>\n<p><strong>Caracter\u00edsticas:<\/strong><\/p>\n<ul>\n<li>Ideal para filtraci\u00f3n de part\u00edculas peque\u00f1as.<\/li>\n<li>Adecuada distribuci\u00f3n de flujo.<\/li>\n<li>Favorece la vida \u00fatil de su bomba.<\/li>\n<li>F\u00e1cil limpieza.<\/li>\n<li>Dimensiones 48&#8243; x 39.5&#8243; x 1.5&#8243;.<\/li>\n<li>Di\u00e1metro de fibra: 0.02&#8243;<\/li>\n<\/ul>\n","protected":false},"featured_media":10574,"template":"","meta":[],"_links":{"self":[{"href":"https:\/\/ingenieriasae.com\/acuicultura\/wp-json\/wp\/v2\/product\/6684"}],"collection":[{"href":"https:\/\/ingenieriasae.com\/acuicultura\/wp-json\/wp\/v2\/product"}],"about":[{"href":"https:\/\/ingenieriasae.com\/acuicultura\/wp-json\/wp\/v2\/types\/product"}],"version-history":[{"count":14,"href":"https:\/\/ingenieriasae.com\/acuicultura\/wp-json\/wp\/v2\/product\/6684\/revisions"}],"predecessor-version":[{"id":8312,"href":"https:\/\/ingenieriasae.com\/acuicultura\/wp-json\/wp\/v2\/product\/6684\/revisions\/8312"}],"wp:featuredmedia":[{"embeddable":true,"href":"https:\/\/ingenieriasae.com\/acuicultura\/wp-json\/wp\/v2\/media\/10574"}],"wp:attachment":[{"href":"https:\/\/ingenieriasae.com\/acuicultura\/wp-json\/wp\/v2\/media?parent=6684"}],"curies":[{"name":"wp","href":"https:\/\/api.w.org\/{rel}","templated":true}]}}