                                                                                                                                                                                                                                                                                                                                                                                                                                                                                                                                                                                                                                                                                                                                                                                                                                                                                                                                                                                                                                                                                                                                                                                                                                                                                                                                                                                                                                                                                                                                                                                                                                                                                                                                                                                                                      {"id":6720,"date":"2020-04-13T14:24:20","date_gmt":"2020-04-13T14:24:20","guid":{"rendered":"https:\/\/lifebyair.com\/?post_type=product&#038;p=6720"},"modified":"2020-09-29T15:56:00","modified_gmt":"2020-09-29T15:56:00","slug":"filtro-r22blu-almohadilla-de-filtro-redonda-azul-alta-densidad","status":"publish","type":"product","link":"https:\/\/ingenieriasae.com\/acuicultura\/producto\/filtro-r22blu-almohadilla-de-filtro-redonda-azul-alta-densidad\/","title":{"rendered":"Filtro R22BLU | Almohadilla de Filtro Redonda Azul | Alta Densidad"},"content":{"rendered":"<p><strong>Filtro R22BLU<\/strong><\/p>\n<p>La <strong>almohadilla de filtro azul<\/strong> de alta densidad Modelo R22BLU Blue <strong>Matala\u00ae<\/strong>, con un di\u00e1metro de 22&#8243;, es ideal para filtrar las part\u00edculas peque\u00f1as manteniendo una buena distribuci\u00f3n del flujo. En sistemas m\u00e1s grandes, los cuatro tipos se pueden usar en secuencia para eliminar esencialmente todos los s\u00f3lidos. Es un excelente medio de filtrado biol\u00f3gico debido a su gran superficie disponible en el que las bacterias nitrificantes pueden prosperar. Se recomienda siempre pre-filtrar la suciedad con las almohadillas Black o Green Matala primero para mantener la secci\u00f3n biol\u00f3gica azul limpia y fluida.<\/p>\n<p>F\u00e1cilmente puede encajarse en su lugar sin necesidad de apoyo. Sin embargo, se recomienda debe medir el di\u00e1metro interior del tanque y solicitar el tama\u00f1o que se ajuste bien. La almohadilla azul de Matala se puede emplear perfectamente junto con las otras tres densidades secuenciales para lograr el m\u00e1ximo de filtraci\u00f3n de s\u00f3lidos \/ biofiltraci\u00f3n. Es f\u00e1cil de trabajar y puede adaptarse a la mayor\u00eda de las necesidades de filtraci\u00f3n.<\/p>\n<p>Los medios filtrantes Matala funcionan perfectamente con dise\u00f1os de filtros de flujo ascendente. La configuraci\u00f3n de flujo ascendente ideal ser\u00eda medio filtrante negro o verde en la parte inferior del filtro para capturar las part\u00edculas grandes. La siguiente capa debe ser medio azul que filtrar\u00e1 part\u00edculas medianas y act\u00faa como un filtro biol\u00f3gico para terminar con el medio gris para filtraci\u00f3n biol\u00f3gica de gran superficie y eliminaci\u00f3n de part\u00edculas finas. Si solo tiene espacio para tres capas de almohadillas, se sugiere usar el negro en la parte inferior, seguido del azul y el gris.<br \/>\nEs perfecto tambi\u00e9n para filtros Vortex y filtros de barril.<\/p>\n<p>Cuenta con las mismas caracter\u00edsticas de las l\u00e1minas de Matala pero con forma de cartucho pre-cortado enrollado. Simplemente seleccione el di\u00e1metro del rollo y la densidad que necesita para su tanque redondo y ub\u00edquelo.<\/p>\n<p>Nota: Se pueden solicitar tama\u00f1os especiales.<\/p>\n","protected":false},"excerpt":{"rendered":"<p><img loading=\"lazy\" class=\"alignnone size-full wp-image-5147\" src=\"https:\/\/lifebyair.com\/wp-content\/uploads\/2020\/01\/logo-matala-1.jpg\" alt=\"\" width=\"120\" height=\"46\" \/><\/p>\n<p><strong>Caracter\u00edstica:<\/strong><\/p>\n<ul>\n<li>Negro: 62 pies cuadrados por pie c\u00fabico, 92% libre de volumen<\/li>\n<li>Verde: 96 pies cuadrados por pie c\u00fabico, 93% libre de volumen<\/li>\n<li>Azul: 124 pies cuadrados por pie c\u00fabico, 94% libre de volumen<\/li>\n<li>Gris: 171 pies cuadrados por pie c\u00fabico, 94% libre de volumen<\/li>\n<\/ul>\n<p>&nbsp;<\/p>\n","protected":false},"featured_media":6714,"template":"","meta":[],"_links":{"self":[{"href":"https:\/\/ingenieriasae.com\/acuicultura\/wp-json\/wp\/v2\/product\/6720"}],"collection":[{"href":"https:\/\/ingenieriasae.com\/acuicultura\/wp-json\/wp\/v2\/product"}],"about":[{"href":"https:\/\/ingenieriasae.com\/acuicultura\/wp-json\/wp\/v2\/types\/product"}],"version-history":[{"count":7,"href":"https:\/\/ingenieriasae.com\/acuicultura\/wp-json\/wp\/v2\/product\/6720\/revisions"}],"predecessor-version":[{"id":10151,"href":"https:\/\/ingenieriasae.com\/acuicultura\/wp-json\/wp\/v2\/product\/6720\/revisions\/10151"}],"wp:featuredmedia":[{"embeddable":true,"href":"https:\/\/ingenieriasae.com\/acuicultura\/wp-json\/wp\/v2\/media\/6714"}],"wp:attachment":[{"href":"https:\/\/ingenieriasae.com\/acuicultura\/wp-json\/wp\/v2\/media?parent=6720"}],"curies":[{"name":"wp","href":"https:\/\/api.w.org\/{rel}","templated":true}]}}