                                                                                                                                                                                                                                                                                                                                                                                                                                                                                                                                                                                                                                                                                                                                                                                                                                                                                                                                                                                                                                                                                                                                                                                                                                                                                                                                                                                                                                                                                                                                                                                                                                                                                                                                                                                                                      {"id":6747,"date":"2020-04-13T16:02:17","date_gmt":"2020-04-13T16:02:17","guid":{"rendered":"https:\/\/lifebyair.com\/?post_type=product&#038;p=6747"},"modified":"2020-10-07T13:28:19","modified_gmt":"2020-10-07T13:28:19","slug":"filtro-sav-skim-almohadilla-de-filtro-estandar-hoja-verde","status":"publish","type":"product","link":"https:\/\/ingenieriasae.com\/acuicultura\/producto\/filtro-sav-skim-almohadilla-de-filtro-estandar-hoja-verde\/","title":{"rendered":"Filtro SAV SKIM | Almohadilla de Filtro Est\u00e1ndar | Hoja Verde"},"content":{"rendered":"<p><strong>Filtro SAV SKIM <\/strong><\/p>\n<p>Es una almohadilla marca <strong>Matala\u00ae<\/strong> de media densidad que evita obstrucciones y es de f\u00e1cil limpieza y mantenimiento.<\/p>\n<p>Las almohadillas filtrantes Matala, son muy vers\u00e1tiles, f\u00e1ciles de trabajar y pueden adaptarse a la mayor\u00eda de las necesidades de filtraci\u00f3n. Son f\u00e1ciles de limpiar simplemente usando una manguera de jard\u00edn para limpiarlos por rociado y la suciedad se desprender\u00e1 con mucha facilidad.<\/p>\n","protected":false},"excerpt":{"rendered":"<p><img loading=\"lazy\" class=\"alignnone size-full wp-image-5147\" src=\"https:\/\/lifebyair.com\/wp-content\/uploads\/2020\/01\/logo-matala-1.jpg\" alt=\"\" width=\"120\" height=\"46\" \/><\/p>\n<p><strong>Caracter\u00edstica:<\/strong><\/p>\n<ul>\n<li>Ideal para filtraci\u00f3n de part\u00edculas medianas.<\/li>\n<li>Adecuada distribuci\u00f3n de flujo.<\/li>\n<li>Favorece la vida \u00fatil de su bomba.<\/li>\n<li>F\u00e1cil limpieza.<\/li>\n<li>Di\u00e1metro de fibra: 0.035&#8243;<\/li>\n<\/ul>\n<p>&nbsp;<\/p>\n","protected":false},"featured_media":6745,"template":"","meta":[],"_links":{"self":[{"href":"https:\/\/ingenieriasae.com\/acuicultura\/wp-json\/wp\/v2\/product\/6747"}],"collection":[{"href":"https:\/\/ingenieriasae.com\/acuicultura\/wp-json\/wp\/v2\/product"}],"about":[{"href":"https:\/\/ingenieriasae.com\/acuicultura\/wp-json\/wp\/v2\/types\/product"}],"version-history":[{"count":7,"href":"https:\/\/ingenieriasae.com\/acuicultura\/wp-json\/wp\/v2\/product\/6747\/revisions"}],"predecessor-version":[{"id":10351,"href":"https:\/\/ingenieriasae.com\/acuicultura\/wp-json\/wp\/v2\/product\/6747\/revisions\/10351"}],"wp:featuredmedia":[{"embeddable":true,"href":"https:\/\/ingenieriasae.com\/acuicultura\/wp-json\/wp\/v2\/media\/6745"}],"wp:attachment":[{"href":"https:\/\/ingenieriasae.com\/acuicultura\/wp-json\/wp\/v2\/media?parent=6747"}],"curies":[{"name":"wp","href":"https:\/\/api.w.org\/{rel}","templated":true}]}}