                                                                                                                                                                                                                                                                                                                                                                                                                                                                                                                                                                                                                                                                                                                                                                                                                                                                                                                                                                                                                                                                                                                                                                                                                                                                                                                                                                                                                                                                                                                                                                                                                                                                                                                                                                                                                      {"id":6775,"date":"2020-04-13T19:49:44","date_gmt":"2020-04-13T19:49:44","guid":{"rendered":"https:\/\/lifebyair.com\/?post_type=product&#038;p=6775"},"modified":"2020-10-08T15:06:00","modified_gmt":"2020-10-08T15:06:00","slug":"clarificador-uvc-ss-l40wu-2-plus-unions-esterilizadores-uv-acero-inoxidable-40wattsuvc-ss-l40wu-2-plus-unions-esterilizadores-uv-acero-inoxidable-40watts","status":"publish","type":"product","link":"https:\/\/ingenieriasae.com\/acuicultura\/producto\/clarificador-uvc-ss-l40wu-2-plus-unions-esterilizadores-uv-acero-inoxidable-40wattsuvc-ss-l40wu-2-plus-unions-esterilizadores-uv-acero-inoxidable-40watts\/","title":{"rendered":"Clarificador UVC SS-L40WU 2&#8243; Plus Unions | Esterilizadores UV | Acero Inoxidable | 40Watts"},"content":{"rendered":"<p><strong>Clarificador UVC SS-L40WU 2&#8243; Plus Unions | Esterilizadores UV<\/strong><\/p>\n<p>El clarificador UV de alto rendimiento en acero inoxidable marca <strong>Matala\u00ae<\/strong> modelo UVC SS-L40WU 2\u2033 es ideal para controlar la proliferaci\u00f3n de microorganismos pat\u00f3genos y algas. Disponible en l\u00e1mpara Philips T5 de 40W.<\/p>\n<p>Caracter\u00edsticas:<\/p>\n<ul>\n<li>Instalaci\u00f3n r\u00e1pida y sencilla.<\/li>\n<li>Larga vida \u00fatil y f\u00e1cil mantenimiento.<\/li>\n<li>Uso para esterilizaci\u00f3n de agua potable.<\/li>\n<li>No restringe el flujo de agua de la bomba.<\/li>\n<li>Incluye pantalla LED que indica cuando la unidad necesita servicio.<\/li>\n<li>Incluye cable de alimentaci\u00f3n de 5.2m con transformador en l\u00ednea<\/li>\n<li>Uniones de entrada \/ salida de 2\u2033.<\/li>\n<li>Tasa de flujo m\u00e1xima: 1,800 G.P.H.<\/li>\n<li>Voltaje: 100 V ~ 120 V<\/li>\n<li>Potencia UV &#8211; 40 Watts<\/li>\n<li>Material de la c\u00e1mara: acero inoxidable 304<\/li>\n<li>Dimensiones de la c\u00e1mara: 3.5 &#8220;x 35.4&#8221;<\/li>\n<li>M\u00e1xima presi\u00f3n &#8211; 125 PSI<\/li>\n<li>Vida \u00fatil de la l\u00e1mpara con clasificaci\u00f3n UV: hasta 9000 horas.<\/li>\n<\/ul>\n","protected":false},"excerpt":{"rendered":"<p><img loading=\"lazy\" class=\"alignnone size-full wp-image-5147\" src=\"https:\/\/lifebyair.com\/wp-content\/uploads\/2020\/01\/logo-matala-1.jpg\" alt=\"\" width=\"120\" height=\"46\" \/><\/p>\n<p><strong>Caracter\u00edsticas:<\/strong><\/p>\n<ul>\n<li>Instalaci\u00f3n r\u00e1pida y sencilla.<\/li>\n<li>Larga vida \u00fatil y f\u00e1cil mantenimiento.<\/li>\n<li>Uso para esterilizaci\u00f3n de agua potable.<\/li>\n<li>No restringe el flujo de agua de la bomba.<\/li>\n<li>Incluye pantalla LED que indica cuando la unidad necesita servicio.<\/li>\n<li>Incluye cable de alimentaci\u00f3n de 5.2m con transformador en l\u00ednea<\/li>\n<li>Uniones de entrada \/ salida de 2\u2033.<\/li>\n<li>Tasa de flujo m\u00e1xima: 1,800 G.P.H.<\/li>\n<li>Voltaje: 100 V ~ 120 V<\/li>\n<li>Potencia UV &#8211; 40 Watts<\/li>\n<li>Material de la c\u00e1mara: acero inoxidable 304<\/li>\n<li>Dimensiones de la c\u00e1mara: 3.5 &#8220;x 35.4&#8221;<\/li>\n<li>M\u00e1xima presi\u00f3n &#8211; 125 PSI<\/li>\n<li>Vida \u00fatil de la l\u00e1mpara con clasificaci\u00f3n UV: hasta 9000 horas.<\/li>\n<\/ul>\n","protected":false},"featured_media":10354,"template":"","meta":[],"_links":{"self":[{"href":"https:\/\/ingenieriasae.com\/acuicultura\/wp-json\/wp\/v2\/product\/6775"}],"collection":[{"href":"https:\/\/ingenieriasae.com\/acuicultura\/wp-json\/wp\/v2\/product"}],"about":[{"href":"https:\/\/ingenieriasae.com\/acuicultura\/wp-json\/wp\/v2\/types\/product"}],"version-history":[{"count":9,"href":"https:\/\/ingenieriasae.com\/acuicultura\/wp-json\/wp\/v2\/product\/6775\/revisions"}],"predecessor-version":[{"id":8457,"href":"https:\/\/ingenieriasae.com\/acuicultura\/wp-json\/wp\/v2\/product\/6775\/revisions\/8457"}],"wp:featuredmedia":[{"embeddable":true,"href":"https:\/\/ingenieriasae.com\/acuicultura\/wp-json\/wp\/v2\/media\/10354"}],"wp:attachment":[{"href":"https:\/\/ingenieriasae.com\/acuicultura\/wp-json\/wp\/v2\/media?parent=6775"}],"curies":[{"name":"wp","href":"https:\/\/api.w.org\/{rel}","templated":true}]}}