                                                                                                                                                                                                                                                                                                                                                                                                                                                                                                                                                                                                                                                                                                                                                                                                                                                                                                                                                                                                                                                                                                                                                                                                                                                                                                                                                                                                                                                                                                                                                                                                                                                                                                                                                                                                                      {"id":6803,"date":"2020-04-13T21:44:22","date_gmt":"2020-04-13T21:44:22","guid":{"rendered":"https:\/\/lifebyair.com\/?post_type=product&#038;p=6803"},"modified":"2025-03-25T20:06:45","modified_gmt":"2025-03-25T20:06:45","slug":"clarificador-ims-75w-uvc-de-inmersion-75w","status":"publish","type":"product","link":"https:\/\/ingenieriasae.com\/acuicultura\/producto\/clarificador-ims-75w-uvc-de-inmersion-75w\/","title":{"rendered":"Clarificador IMS-75W | UVC de Inmersi\u00f3n | 75W"},"content":{"rendered":"<p><strong>Clarificador IMS-75W<\/strong><\/p>\n<p>El clarificador UV de inmersi\u00f3n modelo IMS-75W de la marca <strong>Matala\u00ae <\/strong>mantiene bajo control la formaci\u00f3n de hongos, bacterias y algas, asegurando la limpieza del agua a trav\u00e9s de una desinfecci\u00f3n eficiente y segura. Seguro y f\u00e1cil de usar. Incluye una l\u00e1mpara PHILIPS UV-C y un preselector electr\u00f3nico incorporado especial para una fuente de alimentaci\u00f3n constante.<\/p>\n<p>Caracter\u00edsticas:<\/p>\n<ul>\n<li>Modelo &#8211; IMS-75W<\/li>\n<li>L\u00e1mpara T5 &#8211; 75 Watt<\/li>\n<li>Voltaje: 100-240 V, 50\/60 hz (se puede usar un balasto el\u00e9ctrico especial para voltaje de rango completo)<\/li>\n<li>M\u00e1ximo Tama\u00f1o de estanque sugerido: 10500 gal<\/li>\n<li>Dimensi\u00f3n: L1 (pulg \/ mm) &#8211; 34.1 \/ 867<\/li>\n<li>Dimensi\u00f3n: L2 (pulg \/ mm) &#8211; 36.1 \/ 917<\/li>\n<\/ul>\n","protected":false},"excerpt":{"rendered":"<p><img loading=\"lazy\" class=\"alignnone size-full wp-image-5147\" src=\"https:\/\/lifebyair.com\/wp-content\/uploads\/2020\/01\/logo-matala-1.jpg\" alt=\"\" width=\"120\" height=\"46\" \/><\/p>\n<p><strong>Caracter\u00edsticas:<\/strong><\/p>\n<ul>\n<li>Modelo &#8211; IMS-75W<\/li>\n<li>L\u00e1mpara T5 &#8211; 75 Watt<\/li>\n<li>Voltaje: 100-240 V, 50\/60 hz (se puede usar un balasto el\u00e9ctrico especial para voltaje de rango completo)<\/li>\n<li>M\u00e1ximo Tama\u00f1o de estanque sugerido: 10500 gal<\/li>\n<li>Dimensi\u00f3n: L1 (pulg \/ mm) &#8211; 34.1 \/ 867<\/li>\n<li>Dimensi\u00f3n: L2 (pulg \/ mm) &#8211; 36.1 \/ 917<\/li>\n<\/ul>\n","protected":false},"featured_media":6798,"template":"","meta":[],"_links":{"self":[{"href":"https:\/\/ingenieriasae.com\/acuicultura\/wp-json\/wp\/v2\/product\/6803"}],"collection":[{"href":"https:\/\/ingenieriasae.com\/acuicultura\/wp-json\/wp\/v2\/product"}],"about":[{"href":"https:\/\/ingenieriasae.com\/acuicultura\/wp-json\/wp\/v2\/types\/product"}],"version-history":[{"count":8,"href":"https:\/\/ingenieriasae.com\/acuicultura\/wp-json\/wp\/v2\/product\/6803\/revisions"}],"predecessor-version":[{"id":10181,"href":"https:\/\/ingenieriasae.com\/acuicultura\/wp-json\/wp\/v2\/product\/6803\/revisions\/10181"}],"wp:featuredmedia":[{"embeddable":true,"href":"https:\/\/ingenieriasae.com\/acuicultura\/wp-json\/wp\/v2\/media\/6798"}],"wp:attachment":[{"href":"https:\/\/ingenieriasae.com\/acuicultura\/wp-json\/wp\/v2\/media?parent=6803"}],"curies":[{"name":"wp","href":"https:\/\/api.w.org\/{rel}","templated":true}]}}