                                                                                                                                                                                                                                                                                                                                                                                                                                                                                                                                                                                                                                                                                                                                                                                                                                                                                                                                                                                                                                                                                                                                                                                                                                                                                                                                                                                                                                                                                                                                                                                                                                                                                                                                                                                                                      {"id":6812,"date":"2020-04-13T22:09:53","date_gmt":"2020-04-13T22:09:53","guid":{"rendered":"https:\/\/lifebyair.com\/?post_type=product&#038;p=6812"},"modified":"2022-05-26T17:15:23","modified_gmt":"2022-05-26T17:15:23","slug":"manguera-wah-1-2-100-tubo-de-manguera-sumergible-1-2-100-ft","status":"publish","type":"product","link":"https:\/\/ingenieriasae.com\/acuicultura\/producto\/manguera-wah-1-2-100-tubo-de-manguera-sumergible-1-2-100-ft\/","title":{"rendered":"Manguera WAH-1\/2&#8243;-100&#8242; | Tubo de Manguera Sumergible | 1\/2&#8243; | 100 ft"},"content":{"rendered":"<p><strong>Manguera WAH-1\/2&#8243;-100&#8242; | Tubo de Manguera Sumergible<\/strong><\/p>\n<p>Manguera sumergible fabricada en PVC de paredes gruesas con flexibilidad y baja ca\u00edda de presi\u00f3n y adecuado para cualquier ambiente acu\u00e1tico sea agua dulce, salada, residual o estanques de retenci\u00f3n.<\/p>\n<p>Caracter\u00edsticas:<\/p>\n<ul>\n<li>Longitud: 100&#8242; \/ 30.5m.<\/li>\n<li>Di\u00e1metro interno: 1\/2&#8243; \/ 12.7 mm.<\/li>\n<li>Di\u00e1metro externo: 0.96&#8243; \/ 24.4 mm.<\/li>\n<\/ul>\n","protected":false},"excerpt":{"rendered":"<p><img loading=\"lazy\" class=\"alignnone size-full wp-image-5147\" src=\"https:\/\/lifebyair.com\/wp-content\/uploads\/2020\/01\/logo-matala-1.jpg\" alt=\"\" width=\"120\" height=\"46\" \/><\/p>\n<p><strong>Caracter\u00edsticas:<\/strong><\/p>\n<ul>\n<li>Longitud: 100&#8242; \/ 30.5m.<\/li>\n<li>Di\u00e1metro interno: 1\/2&#8243; \/ 12.7 mm.<\/li>\n<li>Di\u00e1metro externo: 0.96&#8243; \/ 24.4 mm.<\/li>\n<\/ul>\n","protected":false},"featured_media":10442,"template":"","meta":[],"_links":{"self":[{"href":"https:\/\/ingenieriasae.com\/acuicultura\/wp-json\/wp\/v2\/product\/6812"}],"collection":[{"href":"https:\/\/ingenieriasae.com\/acuicultura\/wp-json\/wp\/v2\/product"}],"about":[{"href":"https:\/\/ingenieriasae.com\/acuicultura\/wp-json\/wp\/v2\/types\/product"}],"version-history":[{"count":5,"href":"https:\/\/ingenieriasae.com\/acuicultura\/wp-json\/wp\/v2\/product\/6812\/revisions"}],"predecessor-version":[{"id":10254,"href":"https:\/\/ingenieriasae.com\/acuicultura\/wp-json\/wp\/v2\/product\/6812\/revisions\/10254"}],"wp:featuredmedia":[{"embeddable":true,"href":"https:\/\/ingenieriasae.com\/acuicultura\/wp-json\/wp\/v2\/media\/10442"}],"wp:attachment":[{"href":"https:\/\/ingenieriasae.com\/acuicultura\/wp-json\/wp\/v2\/media?parent=6812"}],"curies":[{"name":"wp","href":"https:\/\/api.w.org\/{rel}","templated":true}]}}