                                                                                                                                                                                                                                                                                                                                                                                                                                                                                                                                                                                                                                                                                                                                                                                                                                                                                                                                                                                                                                                                                                                                                                                                                                                                                                                                                                                                                                                                                                                                                                                                                                                                                                                                                                                                                      {"id":6821,"date":"2020-04-14T16:32:29","date_gmt":"2020-04-14T16:32:29","guid":{"rendered":"https:\/\/lifebyair.com\/?post_type=product&#038;p=6821"},"modified":"2020-09-29T13:37:15","modified_gmt":"2020-09-29T13:37:15","slug":"compresor-mpc-60a-compresor-filtro-de-aire-medidor-de-presion-conectores-1-4-hp","status":"publish","type":"product","link":"https:\/\/ingenieriasae.com\/acuicultura\/producto\/compresor-mpc-60a-compresor-filtro-de-aire-medidor-de-presion-conectores-1-4-hp\/","title":{"rendered":"Compresor MPC-60A | Compresor + Filtro de Aire + Medidor de Presi\u00f3n + Conectores | 1\/4 HP"},"content":{"rendered":"<p><strong>Compresor MPC-60A<\/strong><\/p>\n<p>El modelo MPC-60A de la marca <strong>Matala\u00ae<\/strong>\u00a0es un eficiente compresor de pist\u00f3n de alta calidad que puede ser instalado para una gran variedad de aplicaciones. Ideal para <strong>airear estanques<\/strong> con superficies de hasta 4047 m2 y 9m de profundidad. Entrega un flujo de aire de hasta 92 lpm, equivalentes a 3.25 CFM, con motor el\u00e9ctrico de 1\/4 HP de potencia y corriente de operaci\u00f3n que oscila entre 0.9A &#8211; 2.4A. Libre de aceite y lubricaci\u00f3n en pist\u00f3n y cilindro, con rodamientos lubricados permanentemente y balanceado para una baja vibraci\u00f3n durante su operaci\u00f3n.<\/p>\n<p>&nbsp;<\/p>\n","protected":false},"excerpt":{"rendered":"<p><img loading=\"lazy\" class=\"alignnone size-full wp-image-5147\" src=\"https:\/\/lifebyair.com\/wp-content\/uploads\/2020\/01\/logo-matala-1.jpg\" alt=\"\" width=\"120\" height=\"46\" \/><\/p>\n<p><strong>Kit Incluye:<\/strong><\/p>\n<ul>\n<li>Filtro de aire.<\/li>\n<\/ul>\n","protected":false},"featured_media":9456,"template":"","meta":[],"_links":{"self":[{"href":"https:\/\/ingenieriasae.com\/acuicultura\/wp-json\/wp\/v2\/product\/6821"}],"collection":[{"href":"https:\/\/ingenieriasae.com\/acuicultura\/wp-json\/wp\/v2\/product"}],"about":[{"href":"https:\/\/ingenieriasae.com\/acuicultura\/wp-json\/wp\/v2\/types\/product"}],"version-history":[{"count":7,"href":"https:\/\/ingenieriasae.com\/acuicultura\/wp-json\/wp\/v2\/product\/6821\/revisions"}],"predecessor-version":[{"id":10058,"href":"https:\/\/ingenieriasae.com\/acuicultura\/wp-json\/wp\/v2\/product\/6821\/revisions\/10058"}],"wp:featuredmedia":[{"embeddable":true,"href":"https:\/\/ingenieriasae.com\/acuicultura\/wp-json\/wp\/v2\/media\/9456"}],"wp:attachment":[{"href":"https:\/\/ingenieriasae.com\/acuicultura\/wp-json\/wp\/v2\/media?parent=6821"}],"curies":[{"name":"wp","href":"https:\/\/api.w.org\/{rel}","templated":true}]}}