                                                                                                                                                                                                                                                                                                                                                                                                                                                                                                                                                                                                                                                                                                                                                                                                                                                                                                                                                                                                                                                                                                                                                                                                                                                                                                                                                                                                                                                                                                                                                                                                                                                                                                                                                                                                                      {"id":6837,"date":"2020-04-14T18:39:44","date_gmt":"2020-04-14T18:39:44","guid":{"rendered":"https:\/\/lifebyair.com\/?post_type=product&#038;p=6837"},"modified":"2020-09-29T13:37:52","modified_gmt":"2020-09-29T13:37:52","slug":"compresor-mpc-120c-compresor-filtro-de-aire-medidor-de-presion-conectores-1-2-hp","status":"publish","type":"product","link":"https:\/\/ingenieriasae.com\/acuicultura\/producto\/compresor-mpc-120c-compresor-filtro-de-aire-medidor-de-presion-conectores-1-2-hp\/","title":{"rendered":"Compresor MPC-120C | Compresor + Filtro de Aire + Medidor de Presi\u00f3n + Conectores | 1\/2 HP"},"content":{"rendered":"<p><strong>Compresor MPC-120C<\/strong><\/p>\n<p>El modelo MPC-120C de la marca <strong>Matala\u00ae<\/strong>\u00a0es un eficiente compresor de pist\u00f3n de alta calidad que puede ser instalado para una gran variedad de aplicaciones. Ideal para <strong>airear estanques<\/strong> con superficies de hasta 8094 m2 y 12.2m de profundidad. Entrega un flujo de aire de hasta 156 lpm, equivalentes a 5.5 CFM, con motor el\u00e9ctrico de 1\/2 HP de potencia y corriente de operaci\u00f3n que oscila entre 1.6A &#8211; 4A. Libre de aceite y lubricaci\u00f3n en pist\u00f3n y cilindro, con rodamientos lubricados permanentemente y balanceado para una baja vibraci\u00f3n durante su operaci\u00f3n.<\/p>\n","protected":false},"excerpt":{"rendered":"<p><img loading=\"lazy\" class=\"alignnone size-full wp-image-5147\" src=\"https:\/\/lifebyair.com\/wp-content\/uploads\/2020\/01\/logo-matala-1.jpg\" alt=\"\" width=\"120\" height=\"46\" \/><\/p>\n<p><strong>Kit Incluye:<\/strong><\/p>\n<ul>\n<li>Man\u00f3metro con car\u00e1tula en aceite para reducir la vibraci\u00f3n del indicador, lo que permite una lectura m\u00e1s precisa de la presi\u00f3n real de su sistema.<\/li>\n<li>V\u00e1lvula de alivio de presi\u00f3n que se activa a 17 psi aproximadamente, con el prop\u00f3sito de proteger y evitar da\u00f1os en el equipo.<\/li>\n<li>Manifold de 3\/8&#8243; en aluminio con uni\u00f3n giratoria de tres (3) v\u00edas con tramos de manguera resistente al calor .<\/li>\n<\/ul>\n","protected":false},"featured_media":9459,"template":"","meta":[],"_links":{"self":[{"href":"https:\/\/ingenieriasae.com\/acuicultura\/wp-json\/wp\/v2\/product\/6837"}],"collection":[{"href":"https:\/\/ingenieriasae.com\/acuicultura\/wp-json\/wp\/v2\/product"}],"about":[{"href":"https:\/\/ingenieriasae.com\/acuicultura\/wp-json\/wp\/v2\/types\/product"}],"version-history":[{"count":9,"href":"https:\/\/ingenieriasae.com\/acuicultura\/wp-json\/wp\/v2\/product\/6837\/revisions"}],"predecessor-version":[{"id":10053,"href":"https:\/\/ingenieriasae.com\/acuicultura\/wp-json\/wp\/v2\/product\/6837\/revisions\/10053"}],"wp:featuredmedia":[{"embeddable":true,"href":"https:\/\/ingenieriasae.com\/acuicultura\/wp-json\/wp\/v2\/media\/9459"}],"wp:attachment":[{"href":"https:\/\/ingenieriasae.com\/acuicultura\/wp-json\/wp\/v2\/media?parent=6837"}],"curies":[{"name":"wp","href":"https:\/\/api.w.org\/{rel}","templated":true}]}}