                                                                                                                                                                                                                                                                                                                                                                                                                                                                                                                                                                                                                                                                                                                                                                                                                                                                                                                                                                                                                                                                                                                                                                                                                                                                                                                                                                                                                                                                                                                                                                                                                                                                                                                                                                                                                      {"id":6876,"date":"2020-04-15T12:57:05","date_gmt":"2020-04-15T12:57:05","guid":{"rendered":"https:\/\/lifebyair.com\/?post_type=product&#038;p=6876"},"modified":"2025-03-25T20:06:31","modified_gmt":"2025-03-25T20:06:31","slug":"mea-pro-1-kit-de-aireacion-con-bomba-hk-25lp","status":"publish","type":"product","link":"https:\/\/ingenieriasae.com\/acuicultura\/producto\/mea-pro-1-kit-de-aireacion-con-bomba-hk-25lp\/","title":{"rendered":"MEA Pro 1 | Kit de Aireaci\u00f3n con bomba HK-25LP"},"content":{"rendered":"<p><strong>MEA Pro 1 | Kit de Aireaci\u00f3n con bomba HK-25LP<\/strong><\/p>\n<p>El MEA Pro 1 de la marca <strong>Matala\u00ae<\/strong> es un completo kit de aireaci\u00f3n que est\u00e1 dise\u00f1ado para estanques de entre 1,000 y 7,000 galones y una profundidad m\u00e1xima de agua de hasta 1.8 m, dependiendo de la carga de peces.<\/p>\n<p><strong>Kit incluye:<\/strong><\/p>\n<ul>\n<li>Bomba de aire Matala 25LP, con caudal de aire m\u00e1ximo de 26 lpm, equivalentes a 0.92 CFM, de alta eficiencia, f\u00e1cil mantenimiento, operaci\u00f3n silenciosa y libre de aceite. Es un equipo de bajo mantenimiento, larga vida \u00fatil y amigable con los peces.<\/li>\n<li>Eficiente en consumo de energ\u00eda: 24 Vatios<\/li>\n<li>Difusor de burbuja fina tipo manguera Ref. OD-8 de 8&#8243; de di\u00e1metro, auto-sumergible de f\u00e1cil instalaci\u00f3n y mantenimiento que produce burbujas de tama\u00f1o mediano, proporcionando el m\u00e1ximo flujo de aire.<\/li>\n<li>Conectores de abrazadera de manguera incluidos.<\/li>\n<li>Manguera de aire auto-sumergible de 3\/8&#8243; x 6m de alta calidad indeformable.<\/li>\n<li>Peso: 6.5kg<\/li>\n<\/ul>\n","protected":false},"excerpt":{"rendered":"<p><img loading=\"lazy\" class=\"alignnone size-full wp-image-5147\" src=\"https:\/\/lifebyair.com\/wp-content\/uploads\/2020\/01\/logo-matala-1.jpg\" alt=\"\" width=\"120\" height=\"46\" \/><\/p>\n<p><strong>Kit incluye:<\/strong><\/p>\n<ul>\n<li>Bomba de aire HK-25LP (1)<\/li>\n<li>Manguera auto-sumergible 3\/8\u2033 x 6 mts. (1)<\/li>\n<li>Abrazaderas met\u00e1licas (2)<\/li>\n<li>Conector de manguera universal (3\/8\u2033 | 1\/2\u2033 | 5\/8\u2033) (1)<\/li>\n<li>Difusor circular OD-8 \u2013 8\u201d (1)<\/li>\n<\/ul>\n","protected":false},"featured_media":10689,"template":"","meta":[],"_links":{"self":[{"href":"https:\/\/ingenieriasae.com\/acuicultura\/wp-json\/wp\/v2\/product\/6876"}],"collection":[{"href":"https:\/\/ingenieriasae.com\/acuicultura\/wp-json\/wp\/v2\/product"}],"about":[{"href":"https:\/\/ingenieriasae.com\/acuicultura\/wp-json\/wp\/v2\/types\/product"}],"version-history":[{"count":21,"href":"https:\/\/ingenieriasae.com\/acuicultura\/wp-json\/wp\/v2\/product\/6876\/revisions"}],"predecessor-version":[{"id":7423,"href":"https:\/\/ingenieriasae.com\/acuicultura\/wp-json\/wp\/v2\/product\/6876\/revisions\/7423"}],"wp:featuredmedia":[{"embeddable":true,"href":"https:\/\/ingenieriasae.com\/acuicultura\/wp-json\/wp\/v2\/media\/10689"}],"wp:attachment":[{"href":"https:\/\/ingenieriasae.com\/acuicultura\/wp-json\/wp\/v2\/media?parent=6876"}],"curies":[{"name":"wp","href":"https:\/\/api.w.org\/{rel}","templated":true}]}}