                                                                                                                                                                                                                                                                                                                                                                                                                                                                                                                                                                                                                                                                                                                                                                                                                                                                                                                                                                                                                                                                                                                                                                                                                                                                                                                                                                                                                                                                                                                                                                                                                                                                                                                                                                                                                      {"id":6879,"date":"2020-04-15T14:44:04","date_gmt":"2020-04-15T14:44:04","guid":{"rendered":"https:\/\/lifebyair.com\/?post_type=product&#038;p=6879"},"modified":"2025-03-25T20:06:20","modified_gmt":"2025-03-25T20:06:20","slug":"mea-pro-2-plus-w-kit-de-aireacion-con-bomba-hk-25lp","status":"publish","type":"product","link":"https:\/\/ingenieriasae.com\/acuicultura\/producto\/mea-pro-2-plus-w-kit-de-aireacion-con-bomba-hk-25lp\/","title":{"rendered":"MEA Pro 2 Plus-W | Kit de Aireaci\u00f3n con bomba HK-25LP"},"content":{"rendered":"<p><strong>MEA Pro 2 Plus-W | Kit de Aireaci\u00f3n con bomba HK-25LP<\/strong><\/p>\n<p>El MEA PRO 2 Plus W de la marca <strong>Matala\u00ae<\/strong> es un completo kit de aireaci\u00f3n que est\u00e1 dise\u00f1ado para estanques de entre 3,000 y 9,000 galones y una profundidad m\u00e1xima de agua de hasta 1.8 m, dependiendo de la carga de peces.<\/p>\n<p><strong>Kit incluye:<\/strong><\/p>\n<ul>\n<li>Bomba de aire Matala 25LP, con caudal de aire m\u00e1ximo de 26 lpm, equivalentes a 0.92 CFM, de alta eficiencia, f\u00e1cil mantenimiento, operaci\u00f3n silenciosa y libre de aceite. Es un equipo de bajo mantenimiento, larga vida \u00fatil y amigable con los peces.<\/li>\n<li>Eficiente en consumo de energ\u00eda: 24 Vatios.<\/li>\n<li>Base auto-sumergible con difusor tipo disco de 5&#8243; modelo MD-5W, que produce burbujas finas entregando el m\u00e1ximo flujo de aire.<\/li>\n<li>Conectores de abrazadera de manguera.<\/li>\n<li>Manguera de aire auto-sumergible de 3\/8&#8243; x 9m de longitud de alta calidad indeformable.<br \/>\nPeso: 8kg.<\/li>\n<\/ul>\n","protected":false},"excerpt":{"rendered":"<p><img loading=\"lazy\" class=\"alignnone size-full wp-image-5147\" src=\"https:\/\/lifebyair.com\/wp-content\/uploads\/2020\/01\/logo-matala-1.jpg\" alt=\"\" width=\"120\" height=\"46\" \/><\/p>\n<p><strong>Kit Incluye:<\/strong><\/p>\n<ul>\n<li>Bomba de aire HK-25LP (1)<\/li>\n<li>Manguera auto-sumergible 3\/8&#8243; x 9 mts. (1)<\/li>\n<li>Abrazaderas met\u00e1licas (2)<\/li>\n<li>Conector de manguera universal (3\/8&#8243; | 1\/2&#8243; | 5\/8&#8243;) (1)<\/li>\n<li>Difusor auto-sumergible MD-5W &#8211; 5&#8243; (1)<\/li>\n<\/ul>\n","protected":false},"featured_media":10686,"template":"","meta":[],"_links":{"self":[{"href":"https:\/\/ingenieriasae.com\/acuicultura\/wp-json\/wp\/v2\/product\/6879"}],"collection":[{"href":"https:\/\/ingenieriasae.com\/acuicultura\/wp-json\/wp\/v2\/product"}],"about":[{"href":"https:\/\/ingenieriasae.com\/acuicultura\/wp-json\/wp\/v2\/types\/product"}],"version-history":[{"count":13,"href":"https:\/\/ingenieriasae.com\/acuicultura\/wp-json\/wp\/v2\/product\/6879\/revisions"}],"predecessor-version":[{"id":10323,"href":"https:\/\/ingenieriasae.com\/acuicultura\/wp-json\/wp\/v2\/product\/6879\/revisions\/10323"}],"wp:featuredmedia":[{"embeddable":true,"href":"https:\/\/ingenieriasae.com\/acuicultura\/wp-json\/wp\/v2\/media\/10686"}],"wp:attachment":[{"href":"https:\/\/ingenieriasae.com\/acuicultura\/wp-json\/wp\/v2\/media?parent=6879"}],"curies":[{"name":"wp","href":"https:\/\/api.w.org\/{rel}","templated":true}]}}