                                                                                                                                                                                                                                                                                                                                                                                                                                                                                                                                                                                                                                                                                                                                                                                                                                                                                                                                                                                                                                                                                                                                                                                                                                                                                                                                                                                                                                                                                                                                                                                                                                                                                                                                                                                                                      {"id":6885,"date":"2020-04-15T15:38:33","date_gmt":"2020-04-15T15:38:33","guid":{"rendered":"https:\/\/lifebyair.com\/?post_type=product&#038;p=6885"},"modified":"2025-03-25T20:06:13","modified_gmt":"2025-03-25T20:06:13","slug":"mea-pro-3-kit-de-aireacion-con-bomba-hk-40lp","status":"publish","type":"product","link":"https:\/\/ingenieriasae.com\/acuicultura\/producto\/mea-pro-3-kit-de-aireacion-con-bomba-hk-40lp\/","title":{"rendered":"MEA Pro 3 | Kit de Aireaci\u00f3n con bomba HK-40LP"},"content":{"rendered":"<p><strong>MEA Pro 3 | Kit de Aireaci\u00f3n con bomba HK-40LP<\/strong><\/p>\n<p>MEA PRO 3 marca <strong>Matala\u00ae<\/strong> es un completo kit de aireaci\u00f3n dise\u00f1ado para estanques de entre 5,000 y 16,000 galones y una profundidad m\u00e1xima de agua de hasta 1.8 m, dependiendo de la carga de peces.<\/p>\n<p><strong>Kit incluye:<\/strong><\/p>\n<ul>\n<li>Bomba de aire Matala HK40LP que maneja un caudal de aire de 45 lpm que equivale a 1.59 CFM.<\/li>\n<li>Eficiente en consumo de energ\u00eda: 38 Vatios.<\/li>\n<li>Dos difusores tipo manguera Ref. OD-8 de 8&#8243; de di\u00e1metro, auto-sumergible de f\u00e1cil instalaci\u00f3n y mantenimiento que produce burbujas finas proporcionando el m\u00e1ximo flujo de aire.<\/li>\n<li>Conectores de abrazadera de manguera.<\/li>\n<li>Manguera de aire auto-sumergible de 3\/8&#8243; x 9m de alta calidad indeformable.<\/li>\n<li>Peso: 9.3 kg.<\/li>\n<\/ul>\n","protected":false},"excerpt":{"rendered":"<p><img loading=\"lazy\" class=\"alignnone size-full wp-image-5147\" src=\"https:\/\/lifebyair.com\/wp-content\/uploads\/2020\/01\/logo-matala-1.jpg\" alt=\"\" width=\"120\" height=\"46\" \/><\/p>\n<p><strong>Kit Incluye:<\/strong><\/p>\n<ul>\n<li>Bomba de aire HK-40LP (1)<\/li>\n<li>Manguera auto-sumergible 3\/8&#8243; x 9 mts. (1)<\/li>\n<li>Abrazaderas met\u00e1licas (6)<\/li>\n<li>Conector de manguera universal (3\/8&#8243; | 1\/2&#8243; | 5\/8&#8243;) (1)<\/li>\n<li>Conector de manguera universal -Tipo T (3\/8&#8243; | 1\/2&#8243; | 5\/8&#8243;) (2)<\/li>\n<li>Difusor circular OD-8 &#8211; 8\u201d (2)<\/li>\n<\/ul>\n","protected":false},"featured_media":10687,"template":"","meta":[],"_links":{"self":[{"href":"https:\/\/ingenieriasae.com\/acuicultura\/wp-json\/wp\/v2\/product\/6885"}],"collection":[{"href":"https:\/\/ingenieriasae.com\/acuicultura\/wp-json\/wp\/v2\/product"}],"about":[{"href":"https:\/\/ingenieriasae.com\/acuicultura\/wp-json\/wp\/v2\/types\/product"}],"version-history":[{"count":12,"href":"https:\/\/ingenieriasae.com\/acuicultura\/wp-json\/wp\/v2\/product\/6885\/revisions"}],"predecessor-version":[{"id":7961,"href":"https:\/\/ingenieriasae.com\/acuicultura\/wp-json\/wp\/v2\/product\/6885\/revisions\/7961"}],"wp:featuredmedia":[{"embeddable":true,"href":"https:\/\/ingenieriasae.com\/acuicultura\/wp-json\/wp\/v2\/media\/10687"}],"wp:attachment":[{"href":"https:\/\/ingenieriasae.com\/acuicultura\/wp-json\/wp\/v2\/media?parent=6885"}],"curies":[{"name":"wp","href":"https:\/\/api.w.org\/{rel}","templated":true}]}}