                                                                                                                                                                                                                                                                                                                                                                                                                                                                                                                                                                                                                                                                                                                                                                                                                                                                                                                                                                                                                                                                                                                                                                                                                                                                                                                                                                                                                                                                                                                                                                                                                                                                                                                                                                                                                      {"id":6891,"date":"2020-04-15T15:55:12","date_gmt":"2020-04-15T15:55:12","guid":{"rendered":"https:\/\/lifebyair.com\/?post_type=product&#038;p=6891"},"modified":"2022-07-05T00:00:58","modified_gmt":"2022-07-05T00:00:58","slug":"mea-pro-4-plus-kit-de-aireacion-con-bomba-hk-60l","status":"publish","type":"product","link":"https:\/\/ingenieriasae.com\/acuicultura\/producto\/mea-pro-4-plus-kit-de-aireacion-con-bomba-hk-60l\/","title":{"rendered":"MEA Pro 4 Plus | Kit de Aireaci\u00f3n con bomba HK-60L"},"content":{"rendered":"<p><strong>MEA Pro 4 Plus<\/strong><\/p>\n<p>El modelo MEA PRO 4 PLUS de la marca <strong>Matala\u00ae<\/strong>\u00a0es un completo <strong>kit de aireaci\u00f3n<\/strong> de tan solo 61 Watios de consumo de energ\u00eda, dise\u00f1ado para estanques de entre 8,000 y 20,000 galones, dependiendo de la carga de peces, y con profundidades m\u00e1ximas de hasta 2.43m.<\/p>\n<p><strong>El kit incluye:<\/strong><\/p>\n<ul>\n<li>Bomba de aire Matala 60LP que maneja un caudal de aire de hasta 65 lpm que equivale a 2.3 CFM.<\/li>\n<li>Base auto-sumergible con difusor tipo disco de 9&#8243; con membrana en EPDM modelo MDB11, que produce burbujas finas entregando el m\u00e1ximo flujo de aire con baja ca\u00edda de presi\u00f3n, favoreciendo a la vida \u00fatil de la bomba. Son libres de mantenimiento y su dise\u00f1o es amigable con los peces.<\/li>\n<li>Conectores de abrazadera de manguera.<\/li>\n<li>Manguera de aire auto-sumergible de 3\/8&#8243; x 9m de longitud de alta calidad indeformable.<\/li>\n<li>Peso: 15.3 kg.<\/li>\n<\/ul>\n","protected":false},"excerpt":{"rendered":"<p><img loading=\"lazy\" class=\"alignnone size-full wp-image-5147\" src=\"https:\/\/lifebyair.com\/wp-content\/uploads\/2020\/01\/logo-matala-1.jpg\" alt=\"\" width=\"120\" height=\"46\" \/><\/p>\n<p><strong>Kit Incluye:<\/strong><\/p>\n<ul>\n<li>Bomba de aire HK-60L (1)<\/li>\n<li>Manguera auto-sumergible 3\/8&#8243; x 15 mts. (1)<\/li>\n<li>Abrazaderas met\u00e1licas (4)<\/li>\n<li>Conector de manguera universal m\u00faltiple SC-2 (1)<\/li>\n<li>Difusor auto-sumergible MDB11 &#8211; 11&#8243; (2)<\/li>\n<\/ul>\n","protected":false},"featured_media":10685,"template":"","meta":[],"_links":{"self":[{"href":"https:\/\/ingenieriasae.com\/acuicultura\/wp-json\/wp\/v2\/product\/6891"}],"collection":[{"href":"https:\/\/ingenieriasae.com\/acuicultura\/wp-json\/wp\/v2\/product"}],"about":[{"href":"https:\/\/ingenieriasae.com\/acuicultura\/wp-json\/wp\/v2\/types\/product"}],"version-history":[{"count":12,"href":"https:\/\/ingenieriasae.com\/acuicultura\/wp-json\/wp\/v2\/product\/6891\/revisions"}],"predecessor-version":[{"id":10720,"href":"https:\/\/ingenieriasae.com\/acuicultura\/wp-json\/wp\/v2\/product\/6891\/revisions\/10720"}],"wp:featuredmedia":[{"embeddable":true,"href":"https:\/\/ingenieriasae.com\/acuicultura\/wp-json\/wp\/v2\/media\/10685"}],"wp:attachment":[{"href":"https:\/\/ingenieriasae.com\/acuicultura\/wp-json\/wp\/v2\/media?parent=6891"}],"curies":[{"name":"wp","href":"https:\/\/api.w.org\/{rel}","templated":true}]}}