                                                                                                                                                                                                                                                                                                                                                                                                                                                                                                                                                                                                                                                                                                                                                                                                                                                                                                                                                                                                                                                                                                                                                                                                                                                                                                                                                                                                                                                                                                                                                                                                                                                                                                                                                                                                                      {"id":6895,"date":"2020-04-15T15:58:49","date_gmt":"2020-04-15T15:58:49","guid":{"rendered":"https:\/\/lifebyair.com\/?post_type=product&#038;p=6895"},"modified":"2022-05-26T17:06:00","modified_gmt":"2022-05-26T17:06:00","slug":"mea-pro-5-plus-kit-de-aireacion-con-bomba-hk-80lh","status":"publish","type":"product","link":"https:\/\/ingenieriasae.com\/acuicultura\/producto\/mea-pro-5-plus-kit-de-aireacion-con-bomba-hk-80lh\/","title":{"rendered":"MEA Pro 5 Plus | Kit de Aireaci\u00f3n con bomba HK-80LH"},"content":{"rendered":"<p><strong>MEA Pro 5 Plus<\/strong><\/p>\n<p>El modelo MEA PRO 5 PLUS marca <strong>Matala\u00ae<\/strong> es un completo <strong>kit de aireaci\u00f3n<\/strong> de tan solo 82 Watios de consumo de energ\u00eda, dise\u00f1ado para <strong>estanques<\/strong> de entre 10,000 y 24,000 galones, dependiendo de la carga de peces, y con profundidades m\u00e1ximas de hasta 3m.<\/p>\n<p><strong>El kit incluye:<\/strong><\/p>\n<ul>\n<li>Bomba de aire Matala 80LH que maneja un caudal de aire de hasta 80 lpm que equivale a 2.83 CFM.<\/li>\n<li>Una base auto-sumergible modelo MDB22 que incluye dos difusores tipo disco de 9&#8243; con membrana en EPDM, que produce burbujas finas entregando el m\u00e1ximo flujo de aire con baja ca\u00edda de presi\u00f3n, favoreciendo a la vida \u00fatil de la bomba. Son libres de mantenimiento y su dise\u00f1o es amigable con los peces.<\/li>\n<li>Conectores de abrazadera de manguera.<\/li>\n<li>Manguera de aire auto-sumergible de 3\/8&#8243; x 9m de longitud de alta calidad indeformable.<\/li>\n<li>Peso: 13.2 kg.<\/li>\n<\/ul>\n","protected":false},"excerpt":{"rendered":"<p><img loading=\"lazy\" class=\"alignnone size-full wp-image-5147\" src=\"https:\/\/lifebyair.com\/wp-content\/uploads\/2020\/01\/logo-matala-1.jpg\" alt=\"\" width=\"120\" height=\"46\" \/><\/p>\n<p><strong>Kit Incluye:<\/strong><\/p>\n<ul>\n<li>Bomba de aire HK-80LH (1)<\/li>\n<li>Manguera auto-sumergible 3\/8&#8243; x 15 mts. (1)<\/li>\n<li>Abrazaderas met\u00e1licas (2)<\/li>\n<li>Conector de manguera universal (3\/8&#8243; | 1\/2&#8243; | 5\/8&#8243;) (1)<\/li>\n<li>Difusor auto-sumergible MDB22 &#8211; 22&#8243; (1)<\/li>\n<\/ul>\n","protected":false},"featured_media":10684,"template":"","meta":[],"_links":{"self":[{"href":"https:\/\/ingenieriasae.com\/acuicultura\/wp-json\/wp\/v2\/product\/6895"}],"collection":[{"href":"https:\/\/ingenieriasae.com\/acuicultura\/wp-json\/wp\/v2\/product"}],"about":[{"href":"https:\/\/ingenieriasae.com\/acuicultura\/wp-json\/wp\/v2\/types\/product"}],"version-history":[{"count":11,"href":"https:\/\/ingenieriasae.com\/acuicultura\/wp-json\/wp\/v2\/product\/6895\/revisions"}],"predecessor-version":[{"id":10721,"href":"https:\/\/ingenieriasae.com\/acuicultura\/wp-json\/wp\/v2\/product\/6895\/revisions\/10721"}],"wp:featuredmedia":[{"embeddable":true,"href":"https:\/\/ingenieriasae.com\/acuicultura\/wp-json\/wp\/v2\/media\/10684"}],"wp:attachment":[{"href":"https:\/\/ingenieriasae.com\/acuicultura\/wp-json\/wp\/v2\/media?parent=6895"}],"curies":[{"name":"wp","href":"https:\/\/api.w.org\/{rel}","templated":true}]}}