                                                                                                                                                                                                                                                                                                                                                                                                                                                                                                                                                                                                                                                                                                                                                                                                                                                                                                                                                                                                                                                                                                                                                                                                                                                                                                                                                                                                                                                                                                                                                                                                                                                                                                                                                                                                                      {"id":6899,"date":"2020-04-15T16:08:58","date_gmt":"2020-04-15T16:08:58","guid":{"rendered":"https:\/\/lifebyair.com\/?post_type=product&#038;p=6899"},"modified":"2025-03-25T20:06:03","modified_gmt":"2025-03-25T20:06:03","slug":"mea-pro-6-plus-kit-de-aireacion-con-bomba-hk-100l","status":"publish","type":"product","link":"https:\/\/ingenieriasae.com\/acuicultura\/producto\/mea-pro-6-plus-kit-de-aireacion-con-bomba-hk-100l\/","title":{"rendered":"MEA Pro 6 Plus | Kit de Aireaci\u00f3n con bomba HK-100L"},"content":{"rendered":"<p><strong>MEA Pro 6 Plus<\/strong><\/p>\n<p>El modelo MEA PRO 6 PLUS marca <strong>Matala\u00ae<\/strong> es un completo <strong>kit de aireaci\u00f3n<\/strong> de tan solo 110 Watios de consumo de energ\u00eda, dise\u00f1ado para estanques de entre 15,000 y 45,000 galones, dependiendo de la carga de peces, y con profundidades m\u00e1ximas de hasta 3m.<\/p>\n<p><strong>El kit incluye:<\/strong><\/p>\n<ul>\n<li>Bomba de aire Matala 100L que maneja un caudal de aire de hasta 102 lpm que equivale a 3.6 CFM.<\/li>\n<li>Dos bases auto-sumergibles modelo MDB22, cada una con dos difusores tipo disco de 9&#8243; con membrana en EPDM, que producen burbujas finas entregando el m\u00e1ximo flujo de aire con baja ca\u00edda de presi\u00f3n, favoreciendo a la vida \u00fatil de la bomba. Son libres de mantenimiento y su dise\u00f1o es amigable con los peces.<\/li>\n<li>Conectores de abrazadera de manguera.<\/li>\n<li>Manguera de aire auto-sumergible de 1\/2&#8243; x 9m de longitud de alta calidad indeformable.<\/li>\n<li>Peso: 26.9 kg.<\/li>\n<\/ul>\n","protected":false},"excerpt":{"rendered":"<p><img loading=\"lazy\" class=\"alignnone size-full wp-image-5147\" src=\"https:\/\/lifebyair.com\/wp-content\/uploads\/2020\/01\/logo-matala-1.jpg\" alt=\"\" width=\"120\" height=\"46\" \/><\/p>\n<p><strong>Kit Incluye:<\/strong><\/p>\n<ul>\n<li>Bomba de aire HK-100L (1)<\/li>\n<li>Manguera auto-sumergible 1\/2&#8243; x 9 mts. (2)<\/li>\n<li>Abrazaderas met\u00e1licas (2)<\/li>\n<li>Conector de manguera universal m\u00faltiple SC-2 (1)<\/li>\n<li>Difusor auto-sumergible MDB22 &#8211; 22&#8243; (2)<\/li>\n<\/ul>\n","protected":false},"featured_media":10683,"template":"","meta":[],"_links":{"self":[{"href":"https:\/\/ingenieriasae.com\/acuicultura\/wp-json\/wp\/v2\/product\/6899"}],"collection":[{"href":"https:\/\/ingenieriasae.com\/acuicultura\/wp-json\/wp\/v2\/product"}],"about":[{"href":"https:\/\/ingenieriasae.com\/acuicultura\/wp-json\/wp\/v2\/types\/product"}],"version-history":[{"count":16,"href":"https:\/\/ingenieriasae.com\/acuicultura\/wp-json\/wp\/v2\/product\/6899\/revisions"}],"predecessor-version":[{"id":10723,"href":"https:\/\/ingenieriasae.com\/acuicultura\/wp-json\/wp\/v2\/product\/6899\/revisions\/10723"}],"wp:featuredmedia":[{"embeddable":true,"href":"https:\/\/ingenieriasae.com\/acuicultura\/wp-json\/wp\/v2\/media\/10683"}],"wp:attachment":[{"href":"https:\/\/ingenieriasae.com\/acuicultura\/wp-json\/wp\/v2\/media?parent=6899"}],"curies":[{"name":"wp","href":"https:\/\/api.w.org\/{rel}","templated":true}]}}