                                                                                                                                                                                                                                                                                                                                                                                                                                                                                                                                                                                                                                                                                                                                                                                                                                                                                                                                                                                                                                                                                                                                                                                                                                                                                                                                                                                                                                                                                                                                                                                                                                                                                                                                                                                                                      {"id":6956,"date":"2020-04-15T22:19:09","date_gmt":"2020-04-15T22:19:09","guid":{"rendered":"https:\/\/lifebyair.com\/?post_type=product&#038;p=6956"},"modified":"2020-09-29T20:23:50","modified_gmt":"2020-09-29T20:23:50","slug":"manguera-pvc15-manguera-sin-pliegues-1-1-2-de-diametro-100-ft","status":"publish","type":"product","link":"https:\/\/ingenieriasae.com\/acuicultura\/producto\/manguera-pvc15-manguera-sin-pliegues-1-1-2-de-diametro-100-ft\/","title":{"rendered":"Manguera PVC15 | Manguera sin Pliegues | 1-1\/2&#8243; de Di\u00e1metro | 100 ft"},"content":{"rendered":"<p><strong>Manguera PVC15 | Manguera sin Pliegues<\/strong><\/p>\n<p>El modelo PVC15 marca <strong>Matala\u00ae<\/strong> es una manguera que no se tuerce, ideal para alcanzar los m\u00e1ximos \u00edndices de flujo y eficiencia de la bomba a la que est\u00e9 instalada. Fabricada en PVC negro sin pliegues con un di\u00e1metro interno 1-1\/2&#8243; (38 mm) y longitud de 100&#8242; (30.48m) facilita la instalaci\u00f3n de tuber\u00edas y sistemas de filtrado. Es fuerte pero a la vez flexible para hacer esos giros y conexiones complicados. Se sugiere usar las abrazaderas de manguera.<\/p>\n","protected":false},"excerpt":{"rendered":"<p><img loading=\"lazy\" class=\"alignnone size-full wp-image-5147\" src=\"https:\/\/lifebyair.com\/wp-content\/uploads\/2020\/01\/logo-matala-1.jpg\" alt=\"\" width=\"120\" height=\"46\" \/><\/p>\n<p><strong>Caracter\u00edsticas:<\/strong><\/p>\n<ul>\n<li>No se tuerce.<\/li>\n<li>Fabricada en PVC negro sin pliegues.<\/li>\n<li>Di\u00e1metro interno 1-1\/2&#8243; (38 mm) y longitud de 100&#8242; (30.48m)<\/li>\n<li>Facilita la instalaci\u00f3n de tuber\u00edas y sistemas de filtrado.<\/li>\n<li>Es fuerte pero a la vez flexible para hacer esos giros y conexiones complicados.<\/li>\n<li>Se sugiere usar las abrazaderas de manguera.<\/li>\n<\/ul>\n","protected":false},"featured_media":6943,"template":"","meta":[],"_links":{"self":[{"href":"https:\/\/ingenieriasae.com\/acuicultura\/wp-json\/wp\/v2\/product\/6956"}],"collection":[{"href":"https:\/\/ingenieriasae.com\/acuicultura\/wp-json\/wp\/v2\/product"}],"about":[{"href":"https:\/\/ingenieriasae.com\/acuicultura\/wp-json\/wp\/v2\/types\/product"}],"version-history":[{"count":7,"href":"https:\/\/ingenieriasae.com\/acuicultura\/wp-json\/wp\/v2\/product\/6956\/revisions"}],"predecessor-version":[{"id":10245,"href":"https:\/\/ingenieriasae.com\/acuicultura\/wp-json\/wp\/v2\/product\/6956\/revisions\/10245"}],"wp:featuredmedia":[{"embeddable":true,"href":"https:\/\/ingenieriasae.com\/acuicultura\/wp-json\/wp\/v2\/media\/6943"}],"wp:attachment":[{"href":"https:\/\/ingenieriasae.com\/acuicultura\/wp-json\/wp\/v2\/media?parent=6956"}],"curies":[{"name":"wp","href":"https:\/\/api.w.org\/{rel}","templated":true}]}}