                                                                                                                                                                                                                                                                                                                                                                                                                                                                                                                                                                                                                                                                                                                                                                                                                                                                                                                                                                                                                                                                                                                                                                                                                                                                                                                                                                                                                                                                                                                                                                                                                                                                                                                                                                                                                      {"id":6987,"date":"2020-04-16T15:14:08","date_gmt":"2020-04-16T15:14:08","guid":{"rendered":"https:\/\/lifebyair.com\/?post_type=product&#038;p=6987"},"modified":"2022-05-26T17:18:40","modified_gmt":"2022-05-26T17:18:40","slug":"valvula-sc4-12-4-valvulas-de-aire-servicio-pesado-1-2-lengueta-colectores-de-aire","status":"publish","type":"product","link":"https:\/\/ingenieriasae.com\/acuicultura\/producto\/valvula-sc4-12-4-valvulas-de-aire-servicio-pesado-1-2-lengueta-colectores-de-aire\/","title":{"rendered":"V\u00e1lvula SC4-12 | 4 V\u00e1lvulas de Aire | Servicio Pesado (1\/2&#8243; Leng\u00fceta) | Colectores de Aire"},"content":{"rendered":"<p><strong>V\u00e1lvula SC4-12 | 4 V\u00e1lvulas de Aire | Servicio Pesado (1\/2&#8243; Leng\u00fceta) | Colectores de Aire<\/strong><\/p>\n<p>El modelo SC4-12 de la marca <strong>Matala\u00ae<\/strong> es un colector (manifold) de cuatro (4) salidas, ideal para ser usado cuando se requieren varios difusores de aire. Son de alta calidad y est\u00e1n dise\u00f1ados para trabajo pesado permitiendo altos \u00edndices de flujo.<\/p>\n<p><strong>Caracter\u00edsticas:<\/strong><\/p>\n<ul>\n<li>Cuatro (4) v\u00edas.<\/li>\n<li>Rosca de 1\/2&#8243; T.<\/li>\n<li>Entrada de 3\/4\u2033 que se conecta a la bomba de aire o compresor.<\/li>\n<li>Herrajes de lat\u00f3n de alta calidad<\/li>\n<\/ul>\n","protected":false},"excerpt":{"rendered":"<p><img loading=\"lazy\" class=\"alignnone size-full wp-image-5147\" src=\"https:\/\/lifebyair.com\/wp-content\/uploads\/2020\/01\/logo-matala-1.jpg\" alt=\"\" width=\"120\" height=\"46\" \/><\/p>\n<p><strong>Caracter\u00edsticas:<\/strong><\/p>\n<ul>\n<li>Cuatro (4) v\u00edas.<\/li>\n<li>Rosca de 1\/2&#8243; T.<\/li>\n<li>Entrada de 3\/4\u2033 que se conecta a la bomba de aire o compresor.<\/li>\n<li>Herrajes de lat\u00f3n de alta calidad<\/li>\n<\/ul>\n","protected":false},"featured_media":6981,"template":"","meta":[],"_links":{"self":[{"href":"https:\/\/ingenieriasae.com\/acuicultura\/wp-json\/wp\/v2\/product\/6987"}],"collection":[{"href":"https:\/\/ingenieriasae.com\/acuicultura\/wp-json\/wp\/v2\/product"}],"about":[{"href":"https:\/\/ingenieriasae.com\/acuicultura\/wp-json\/wp\/v2\/types\/product"}],"version-history":[{"count":6,"href":"https:\/\/ingenieriasae.com\/acuicultura\/wp-json\/wp\/v2\/product\/6987\/revisions"}],"predecessor-version":[{"id":7399,"href":"https:\/\/ingenieriasae.com\/acuicultura\/wp-json\/wp\/v2\/product\/6987\/revisions\/7399"}],"wp:featuredmedia":[{"embeddable":true,"href":"https:\/\/ingenieriasae.com\/acuicultura\/wp-json\/wp\/v2\/media\/6981"}],"wp:attachment":[{"href":"https:\/\/ingenieriasae.com\/acuicultura\/wp-json\/wp\/v2\/media?parent=6987"}],"curies":[{"name":"wp","href":"https:\/\/api.w.org\/{rel}","templated":true}]}}