                                                                                                                                                                                                                                                                                                                                                                                                                                                                                                                                                                                                                                                                                                                                                                                                                                                                                                                                                                                                                                                                                                                                                                                                                                                                                                                                                                                                                                                                                                                                                                                                                                                                                                                                                                                                                      {"id":6990,"date":"2020-04-16T15:18:04","date_gmt":"2020-04-16T15:18:04","guid":{"rendered":"https:\/\/lifebyair.com\/?post_type=product&#038;p=6990"},"modified":"2022-05-26T15:27:21","modified_gmt":"2022-05-26T15:27:21","slug":"protector-mpd-6-protector-de-bomba-azul","status":"publish","type":"product","link":"https:\/\/ingenieriasae.com\/acuicultura\/producto\/protector-mpd-6-protector-de-bomba-azul\/","title":{"rendered":"Protector MPD-6 | Protector de Bomba | Azul"},"content":{"rendered":"<p><strong>Protector MPD-6 | Protector de Bomba | Azul<\/strong><\/p>\n<p>El <strong>protector de bomba<\/strong> modelo MPD-6 est\u00e1 dise\u00f1ado para proteger las bombas de agua sumergibles de obstrucciones por s\u00f3lidos. Su funcionamiento es muy sencillo pues basta con ubicar la bomba dentro de la canasta fabricada en medio filtrante de densidad verde <strong>Matala\u00ae<\/strong> y luego se envuelve en una bolsa de nailon con cord\u00f3n, de tal manera que los desechos pesados se filtran antes de que lleguen a la entrada de la bomba, lo que reduce el mantenimiento y extiende la vida \u00fatil de la bomba.<\/p>\n<p>Ventajas:<\/p>\n<ul>\n<li>Protege la bomba de taponamientos.<\/li>\n<li>Dise\u00f1ado para adaptarse a la mayor\u00eda de las marcas.<\/li>\n<li>Puede usarse con medios filtrantes verdes o azules de la marca Matala.<\/li>\n<\/ul>\n","protected":false},"excerpt":{"rendered":"<p><img loading=\"lazy\" class=\"alignnone size-full wp-image-5147\" src=\"https:\/\/lifebyair.com\/wp-content\/uploads\/2020\/01\/logo-matala-1.jpg\" alt=\"\" width=\"120\" height=\"46\" \/><\/p>\n<p><strong>Caracter\u00edsticas:<\/strong><\/p>\n<ul>\n<li>Di\u00e1metro interno: 6&#8243;\/152 mm.<\/li>\n<li>Di\u00e1metro externo: 10&#8243;\/254 mm.<\/li>\n<li>Altura: 7.9&#8243;\/200 mm.<\/li>\n<li>Adecuado para la bomba Matala modelo G-2300.<\/li>\n<\/ul>\n","protected":false},"featured_media":6991,"template":"","meta":[],"_links":{"self":[{"href":"https:\/\/ingenieriasae.com\/acuicultura\/wp-json\/wp\/v2\/product\/6990"}],"collection":[{"href":"https:\/\/ingenieriasae.com\/acuicultura\/wp-json\/wp\/v2\/product"}],"about":[{"href":"https:\/\/ingenieriasae.com\/acuicultura\/wp-json\/wp\/v2\/types\/product"}],"version-history":[{"count":8,"href":"https:\/\/ingenieriasae.com\/acuicultura\/wp-json\/wp\/v2\/product\/6990\/revisions"}],"predecessor-version":[{"id":10212,"href":"https:\/\/ingenieriasae.com\/acuicultura\/wp-json\/wp\/v2\/product\/6990\/revisions\/10212"}],"wp:featuredmedia":[{"embeddable":true,"href":"https:\/\/ingenieriasae.com\/acuicultura\/wp-json\/wp\/v2\/media\/6991"}],"wp:attachment":[{"href":"https:\/\/ingenieriasae.com\/acuicultura\/wp-json\/wp\/v2\/media?parent=6990"}],"curies":[{"name":"wp","href":"https:\/\/api.w.org\/{rel}","templated":true}]}}