                                                                                                                                                                                                                                                                                                                                                                                                                                                                                                                                                                                                                                                                                                                                                                                                                                                                                                                                                                                                                                                                                                                                                                                                                                                                                                                                                                                                                                                                                                                                                                                                                                                                                                                                                                                                                      {"id":7001,"date":"2020-04-16T15:41:09","date_gmt":"2020-04-16T15:41:09","guid":{"rendered":"https:\/\/lifebyair.com\/?post_type=product&#038;p=7001"},"modified":"2022-05-26T17:18:02","modified_gmt":"2022-05-26T17:18:02","slug":"tanque-kvb-90-tanque-de-medicion-koi","status":"publish","type":"product","link":"https:\/\/ingenieriasae.com\/acuicultura\/producto\/tanque-kvb-90-tanque-de-medicion-koi\/","title":{"rendered":"Tanque KVB-90 | Tanque de Medici\u00f3n Koi"},"content":{"rendered":"<p><strong>Tanque KVB-90 | Tanque de Medici\u00f3n Koi\u00a0<\/strong><\/p>\n<p>Los recipientes de visualizaci\u00f3n de Koi de Matala son la elecci\u00f3n perfecta para fotografiar peces Koi. Estos recipientes de visualizaci\u00f3n tambi\u00e9n son ideales para medicar a los Koi.<\/p>\n<ul>\n<li>Dimensiones: 760 mm de di\u00e1metro x 315 mm de alto.<\/li>\n<li>Capacidad: 90 litros.<\/li>\n<li>Suaves para albergar los delicados peces Koi.<\/li>\n<li>Extremadamente resistentes para transporte, visualizaci\u00f3n, inspecci\u00f3n, medicaci\u00f3n, etc.<\/li>\n<\/ul>\n","protected":false},"excerpt":{"rendered":"<p><img loading=\"lazy\" class=\"alignnone size-full wp-image-5147\" src=\"https:\/\/lifebyair.com\/wp-content\/uploads\/2020\/01\/logo-matala-1.jpg\" alt=\"\" width=\"120\" height=\"46\" \/><\/p>\n<p><strong>Caracter\u00edsticas:<\/strong><\/p>\n<ul>\n<li>Dimensiones: 760 mm de di\u00e1metro x 315 mm de alto.<\/li>\n<li>Capacidad: 90 litros.<\/li>\n<li>Suaves para albergar los delicados peces Koi.<\/li>\n<li>Extremadamente resistentes para transporte, visualizaci\u00f3n, inspecci\u00f3n, medicaci\u00f3n, etc.<\/li>\n<\/ul>\n","protected":false},"featured_media":7002,"template":"","meta":[],"_links":{"self":[{"href":"https:\/\/ingenieriasae.com\/acuicultura\/wp-json\/wp\/v2\/product\/7001"}],"collection":[{"href":"https:\/\/ingenieriasae.com\/acuicultura\/wp-json\/wp\/v2\/product"}],"about":[{"href":"https:\/\/ingenieriasae.com\/acuicultura\/wp-json\/wp\/v2\/types\/product"}],"version-history":[{"count":7,"href":"https:\/\/ingenieriasae.com\/acuicultura\/wp-json\/wp\/v2\/product\/7001\/revisions"}],"predecessor-version":[{"id":10304,"href":"https:\/\/ingenieriasae.com\/acuicultura\/wp-json\/wp\/v2\/product\/7001\/revisions\/10304"}],"wp:featuredmedia":[{"embeddable":true,"href":"https:\/\/ingenieriasae.com\/acuicultura\/wp-json\/wp\/v2\/media\/7002"}],"wp:attachment":[{"href":"https:\/\/ingenieriasae.com\/acuicultura\/wp-json\/wp\/v2\/media?parent=7001"}],"curies":[{"name":"wp","href":"https:\/\/api.w.org\/{rel}","templated":true}]}}