                                                                                                                                                                                                                                                                                                                                                                                                                                                                                                                                                                                                                                                                                                                                                                                                                                                                                                                                                                                                                                                                                                                                                                                                                                                                                                                                                                                                                                                                                                                                                                                                                                                                                                                                                                                                                      {"id":7006,"date":"2020-04-16T15:53:35","date_gmt":"2020-04-16T15:53:35","guid":{"rendered":"https:\/\/lifebyair.com\/?post_type=product&#038;p=7006"},"modified":"2022-05-26T17:17:28","modified_gmt":"2022-05-26T17:17:28","slug":"tanque-kmt-180-tanque-de-medicion-koi","status":"publish","type":"product","link":"https:\/\/ingenieriasae.com\/acuicultura\/producto\/tanque-kmt-180-tanque-de-medicion-koi\/","title":{"rendered":"Tanque KMT-180 | Tanque de Medici\u00f3n Koi"},"content":{"rendered":"<p><strong>Tanque KMT-180 | Tanque de Medici\u00f3n Koi<\/strong><\/p>\n<p>Los recipientes de medici\u00f3n de Koi de Matala adem\u00e1s de ser la elecci\u00f3n perfecta para visualizar peces Koi tambi\u00e9n permiten medirlos pues cuentan con dos cintas con unidades en pulgadas y cm.<\/p>\n<ul>\n<li>Dimensiones (mm): 1120 mm largo x 615 mm ancho x 390 mm alto.<\/li>\n<li>Capacidad: 180 litros.<\/li>\n<li>Suaves para albergar los delicados peces Koi.<\/li>\n<li>Extremadamente resistentes para transporte, visualizaci\u00f3n, inspecci\u00f3n, medicaci\u00f3n, etc.<\/li>\n<\/ul>\n","protected":false},"excerpt":{"rendered":"<p><img loading=\"lazy\" class=\"alignnone size-full wp-image-5147\" src=\"https:\/\/lifebyair.com\/wp-content\/uploads\/2020\/01\/logo-matala-1.jpg\" alt=\"\" width=\"120\" height=\"46\" \/><\/p>\n<p><strong>Caracter\u00edsticas:<\/strong><\/p>\n<ul>\n<li>Dimensiones (mm): 1120 mm largo x 615 mm ancho x 390 mm alto.<\/li>\n<li>Capacidad: 180 litros.<\/li>\n<li>Suaves para albergar los delicados peces Koi.<\/li>\n<li>Extremadamente resistentes para transporte, visualizaci\u00f3n, inspecci\u00f3n, medicaci\u00f3n, etc.<\/li>\n<\/ul>\n","protected":false},"featured_media":7007,"template":"","meta":[],"_links":{"self":[{"href":"https:\/\/ingenieriasae.com\/acuicultura\/wp-json\/wp\/v2\/product\/7006"}],"collection":[{"href":"https:\/\/ingenieriasae.com\/acuicultura\/wp-json\/wp\/v2\/product"}],"about":[{"href":"https:\/\/ingenieriasae.com\/acuicultura\/wp-json\/wp\/v2\/types\/product"}],"version-history":[{"count":6,"href":"https:\/\/ingenieriasae.com\/acuicultura\/wp-json\/wp\/v2\/product\/7006\/revisions"}],"predecessor-version":[{"id":10305,"href":"https:\/\/ingenieriasae.com\/acuicultura\/wp-json\/wp\/v2\/product\/7006\/revisions\/10305"}],"wp:featuredmedia":[{"embeddable":true,"href":"https:\/\/ingenieriasae.com\/acuicultura\/wp-json\/wp\/v2\/media\/7007"}],"wp:attachment":[{"href":"https:\/\/ingenieriasae.com\/acuicultura\/wp-json\/wp\/v2\/media?parent=7006"}],"curies":[{"name":"wp","href":"https:\/\/api.w.org\/{rel}","templated":true}]}}