                                                                                                                                                                                                                                                                                                                                                                                                                                                                                                                                                                                                                                                                                                                                                                                                                                                                                                                                                                                                                                                                                                                                                                                                                                                                                                                                                                                                                                                                                                                                                                                                                                                                                                                                                                                                                      {"id":7022,"date":"2020-04-16T18:45:04","date_gmt":"2020-04-16T18:45:04","guid":{"rendered":"https:\/\/lifebyair.com\/?post_type=product&#038;p=7022"},"modified":"2020-10-02T21:54:47","modified_gmt":"2020-10-02T21:54:47","slug":"gabinete-mpc-60c1-conjunto-gabinete-con-compresor-1-4-hpmpc-60c1-conjunto-gabinete-con-compresor-1-4-hp","status":"publish","type":"product","link":"https:\/\/ingenieriasae.com\/acuicultura\/producto\/gabinete-mpc-60c1-conjunto-gabinete-con-compresor-1-4-hpmpc-60c1-conjunto-gabinete-con-compresor-1-4-hp\/","title":{"rendered":"Gabinete MPC-60C1 | Conjunto Gabinete con Compresor | 1\/4 HP"},"content":{"rendered":"<p><strong>Gabinete MPC-60C1<\/strong><\/p>\n<p>El MPC-60C1 marca <strong>Matala\u00ae<\/strong>\u00a0es equipo de <strong>aireaci\u00f3n<\/strong> con gabinete de protecci\u00f3n, ideal para lagos con superficies de hasta 4047 m2 y 9m de profundidad.<\/p>\n<p><strong>Incluye lo siguiente:<\/strong><\/p>\n<ul>\n<li>Compresor de aire de cabezal \u00fanico y pist\u00f3n oscilante modelo MPC-60C, que entrega un flujo de aire de hasta 92 lpm, equivalentes a 3.25 CFM, con motor el\u00e9ctrico de 1\/4 HP de potencia y 2.27 Amperios de corriente. Libre de aceite y lubricaci\u00f3n en pist\u00f3n y cilindro, con rodamientos lubricados permanentemente y balanceado para una baja vibraci\u00f3n durante su operaci\u00f3n.<\/li>\n<li>Man\u00f3metro con car\u00e1tula en aceite.<\/li>\n<li>V\u00e1lvula de alivio de presi\u00f3n.<\/li>\n<li>Manifold en aluminio de dos v\u00edas.<\/li>\n<li>Gabinete protector para trabajo pesado y alta resistencia a las condiciones clim\u00e1ticas con pintura electrost\u00e1tica, con ventilador para refrigeraci\u00f3n, caja para conexiones y base de gabinete.<\/li>\n<li>F\u00e1cil instalaci\u00f3n y operaci\u00f3n.<\/li>\n<\/ul>\n","protected":false},"excerpt":{"rendered":"<p><img loading=\"lazy\" class=\"alignnone size-full wp-image-5147\" src=\"https:\/\/lifebyair.com\/wp-content\/uploads\/2020\/01\/logo-matala-1.jpg\" alt=\"\" width=\"120\" height=\"46\" \/><\/p>\n<p><strong>Kit Incluye:<\/strong><\/p>\n<ul>\n<li>Compresor de aire de cabezal \u00fanico y pist\u00f3n oscilante modelo MPC-60C<\/li>\n<li>Man\u00f3metro con car\u00e1tula en aceite.<\/li>\n<li>V\u00e1lvula de alivio de presi\u00f3n.<\/li>\n<li>Manifold en aluminio de dos v\u00edas.<\/li>\n<li>Gabinete protector con pintura electrost\u00e1tica.<\/li>\n<\/ul>\n","protected":false},"featured_media":10312,"template":"","meta":[],"_links":{"self":[{"href":"https:\/\/ingenieriasae.com\/acuicultura\/wp-json\/wp\/v2\/product\/7022"}],"collection":[{"href":"https:\/\/ingenieriasae.com\/acuicultura\/wp-json\/wp\/v2\/product"}],"about":[{"href":"https:\/\/ingenieriasae.com\/acuicultura\/wp-json\/wp\/v2\/types\/product"}],"version-history":[{"count":11,"href":"https:\/\/ingenieriasae.com\/acuicultura\/wp-json\/wp\/v2\/product\/7022\/revisions"}],"predecessor-version":[{"id":10074,"href":"https:\/\/ingenieriasae.com\/acuicultura\/wp-json\/wp\/v2\/product\/7022\/revisions\/10074"}],"wp:featuredmedia":[{"embeddable":true,"href":"https:\/\/ingenieriasae.com\/acuicultura\/wp-json\/wp\/v2\/media\/10312"}],"wp:attachment":[{"href":"https:\/\/ingenieriasae.com\/acuicultura\/wp-json\/wp\/v2\/media?parent=7022"}],"curies":[{"name":"wp","href":"https:\/\/api.w.org\/{rel}","templated":true}]}}