                                                                                                                                                                                                                                                                                                                                                                                                                                                                                                                                                                                                                                                                                                                                                                                                                                                                                                                                                                                                                                                                                                                                                                                                                                                                                                                                                                                                                                                                                                                                                                                                                                                                                                                                                                                                                      {"id":7043,"date":"2020-04-16T21:06:22","date_gmt":"2020-04-16T21:06:22","guid":{"rendered":"https:\/\/lifebyair.com\/?post_type=product&#038;p=7043"},"modified":"2022-05-26T17:08:34","modified_gmt":"2022-05-26T17:08:34","slug":"mea-lake-pro-2-kit-de-aireacion-con-compresor-mpc-60c","status":"publish","type":"product","link":"https:\/\/ingenieriasae.com\/acuicultura\/producto\/mea-lake-pro-2-kit-de-aireacion-con-compresor-mpc-60c\/","title":{"rendered":"MEA LAKE Pro 2  | Kit de Aireaci\u00f3n con compresor MPC-60C"},"content":{"rendered":"<p><strong>MEA LAKE Pro 2<\/strong><\/p>\n<p>El MEA LAKE PRO 2 marca <strong>Matala\u00ae<\/strong>\u00a0es un<strong> kit completo de aireaci\u00f3n<\/strong> para lagos con superficies de hasta 4047 m2 y 9m de profundidad.<\/p>\n<p><strong>El kit incluye:<\/strong><\/p>\n<ul>\n<li>Compresor de aire de cabezal \u00fanico y pist\u00f3n oscilante modelo MPC-60C, que entrega un flujo de aire de hasta 92 lpm, equivalentes a 3.25 CFM, con motor el\u00e9ctrico de 1\/4 HP de potencia y corriente de operaci\u00f3n que oscila entre 0.9A &#8211; 2.4A. Libre de aceite y lubricaci\u00f3n en pist\u00f3n y cilindro, con rodamientos lubricados permanentemente y balanceado para una baja vibraci\u00f3n durante su operaci\u00f3n.<\/li>\n<li>Man\u00f3metro con car\u00e1tula en aceite.<\/li>\n<li>V\u00e1lvula de alivio de presi\u00f3n.<\/li>\n<li>Manifold en aluminio de dos v\u00edas.<\/li>\n<li>Dos mangueras de aire auto-sumergible de 30 metros x 3\/8\u2033 para trabajo pesado e indeformables Ref. WAH-3\/8-100.<\/li>\n<li>Dos bases auto-sumergibles libres de mantenimiento modelo MDB11, cada una con un difusor tipo disco de 9&#8243; con membrana en EPDM que producen burbujas medianas entregando el m\u00e1ximo flujo de aire con baja ca\u00edda de presi\u00f3n.<\/li>\n<\/ul>\n","protected":false},"excerpt":{"rendered":"<p><img loading=\"lazy\" class=\"alignnone size-full wp-image-5147\" src=\"https:\/\/lifebyair.com\/wp-content\/uploads\/2020\/01\/logo-matala-1.jpg\" alt=\"\" width=\"120\" height=\"46\" \/><\/p>\n<p><strong>Kit Incluye:<\/strong><\/p>\n<ul>\n<li>Compresor de aire modelo MPC-60C (1)<\/li>\n<li>Man\u00f3metro con caratula en aceite (1)<\/li>\n<li>V\u00e1lvula de alivio de presi\u00f3n (1)<\/li>\n<li>Manifold en aluminio de dos v\u00edas (1)<\/li>\n<li>Manguera de aire auto-sumergible de 30 mts. x 3\/8\u2033 Ref. WAH-3\/8-100 (2)<\/li>\n<li>Base auto-sumergible MDB11 (2)<\/li>\n<\/ul>\n","protected":false},"featured_media":7046,"template":"","meta":[],"_links":{"self":[{"href":"https:\/\/ingenieriasae.com\/acuicultura\/wp-json\/wp\/v2\/product\/7043"}],"collection":[{"href":"https:\/\/ingenieriasae.com\/acuicultura\/wp-json\/wp\/v2\/product"}],"about":[{"href":"https:\/\/ingenieriasae.com\/acuicultura\/wp-json\/wp\/v2\/types\/product"}],"version-history":[{"count":9,"href":"https:\/\/ingenieriasae.com\/acuicultura\/wp-json\/wp\/v2\/product\/7043\/revisions"}],"predecessor-version":[{"id":10040,"href":"https:\/\/ingenieriasae.com\/acuicultura\/wp-json\/wp\/v2\/product\/7043\/revisions\/10040"}],"wp:featuredmedia":[{"embeddable":true,"href":"https:\/\/ingenieriasae.com\/acuicultura\/wp-json\/wp\/v2\/media\/7046"}],"wp:attachment":[{"href":"https:\/\/ingenieriasae.com\/acuicultura\/wp-json\/wp\/v2\/media?parent=7043"}],"curies":[{"name":"wp","href":"https:\/\/api.w.org\/{rel}","templated":true}]}}