                                                                                                                                                                                                                                                                                                                                                                                                                                                                                                                                                                                                                                                                                                                                                                                                                                                                                                                                                                                                                                                                                                                                                                                                                                                                                                                                                                                                                                                                                                                                                                                                                                                                                                                                                                                                                      {"id":7055,"date":"2020-04-16T22:10:34","date_gmt":"2020-04-16T22:10:34","guid":{"rendered":"https:\/\/lifebyair.com\/?post_type=product&#038;p=7055"},"modified":"2022-05-26T17:09:46","modified_gmt":"2022-05-26T17:09:46","slug":"mea-lake-pro-3c-kit-de-aireacion-con-compresor-y-gabinete-mpc-120c1","status":"publish","type":"product","link":"https:\/\/ingenieriasae.com\/acuicultura\/producto\/mea-lake-pro-3c-kit-de-aireacion-con-compresor-y-gabinete-mpc-120c1\/","title":{"rendered":"MEA LAKE Pro 3C | Kit de Aireaci\u00f3n con compresor y gabinete MPC-120C1"},"content":{"rendered":"<p><strong>MEA LAKE Pro 3C<\/strong><\/p>\n<p>El MEA LAKE PRO 3C marca <strong>Matala\u00ae<\/strong>\u00a0es un <strong>kit completo de aireaci\u00f3n<\/strong> con gabinete de protecci\u00f3n, ideal para lagos con superficies de hasta 8094 m2 y 12.2m de profundidad.<\/p>\n<p><strong>El kit incluye:<\/strong><\/p>\n<ul>\n<li>Compresor de aire de cabezal \u00fanico y pist\u00f3n oscilante modelo MPC-120A, que entrega un flujo de aire de hasta 156 lpm, equivalentes a 5.5 CFM. Motor el\u00e9ctrico de 1\/2 HP de potencia y corriente de operaci\u00f3n que oscila entre 1.6A &#8211; 4A. Libre de aceite y lubricaci\u00f3n en pist\u00f3n y cilindro, con rodamientos lubricados permanentemente y balanceado para una baja vibraci\u00f3n durante su operaci\u00f3n.<\/li>\n<li>Man\u00f3metro con car\u00e1tula en aceite.<\/li>\n<li>V\u00e1lvula de alivio de presi\u00f3n.<\/li>\n<li>Manifold en aluminio de tres v\u00edas.<\/li>\n<li>Gabinete protector con ventilador para refrigeraci\u00f3n, caja para conexiones y base de gabinete.<\/li>\n<li>Manguera de aire auto-sumergible de 90 metros x 3\/8\u2033 para trabajo pesado e indeformable Ref. WAH-3\/8-300.<\/li>\n<li>Tres bases auto sumergibles libres de mantenimiento modelo MDB11, cada una con un difusor tipo disco de 9&#8243; con membrana en EPDM, que producen burbujas medianas entregando el m\u00e1ximo flujo de aire con baja ca\u00edda de presi\u00f3n.<\/li>\n<\/ul>\n","protected":false},"excerpt":{"rendered":"<p><img loading=\"lazy\" class=\"alignnone size-full wp-image-5147\" src=\"https:\/\/lifebyair.com\/wp-content\/uploads\/2020\/01\/logo-matala-1.jpg\" alt=\"\" width=\"120\" height=\"46\" \/><\/p>\n<p><strong>Kit Incluye:<\/strong><\/p>\n<ul>\n<li>Compresor de aire modelo MPC-120A (1)<\/li>\n<li>Man\u00f3metro con car\u00e1tula en aceite (1)<\/li>\n<li>V\u00e1lvula de alivio de presi\u00f3n (1)<\/li>\n<li>Manifold en aluminio de tres v\u00edas (1)<\/li>\n<li>Gabinete protector con ventilador para refrigeraci\u00f3n (1)<\/li>\n<li>Manguera de aire auto-sumergible de 90 mts. x 3\/8\u2033 Ref. WAH-3\/8-100 (1)<\/li>\n<li>Base auto-sumergible modelo MDB11 (3)<\/li>\n<\/ul>\n","protected":false},"featured_media":7061,"template":"","meta":[],"_links":{"self":[{"href":"https:\/\/ingenieriasae.com\/acuicultura\/wp-json\/wp\/v2\/product\/7055"}],"collection":[{"href":"https:\/\/ingenieriasae.com\/acuicultura\/wp-json\/wp\/v2\/product"}],"about":[{"href":"https:\/\/ingenieriasae.com\/acuicultura\/wp-json\/wp\/v2\/types\/product"}],"version-history":[{"count":8,"href":"https:\/\/ingenieriasae.com\/acuicultura\/wp-json\/wp\/v2\/product\/7055\/revisions"}],"predecessor-version":[{"id":10036,"href":"https:\/\/ingenieriasae.com\/acuicultura\/wp-json\/wp\/v2\/product\/7055\/revisions\/10036"}],"wp:featuredmedia":[{"embeddable":true,"href":"https:\/\/ingenieriasae.com\/acuicultura\/wp-json\/wp\/v2\/media\/7061"}],"wp:attachment":[{"href":"https:\/\/ingenieriasae.com\/acuicultura\/wp-json\/wp\/v2\/media?parent=7055"}],"curies":[{"name":"wp","href":"https:\/\/api.w.org\/{rel}","templated":true}]}}