                                                                                                                                                                                                                                                                                                                                                                                                                                                                                                                                                                                                                                                                                                                                                                                                                                                                                                                                                                                                                                                                                                                                                                                                                                                                                                                                                                                                                                                                                                                                                                                                                                                                                                                                                                                                                      {"id":8511,"date":"2020-07-17T19:32:41","date_gmt":"2020-07-17T19:32:41","guid":{"rendered":"https:\/\/ingenieriasae.com\/acuicultura\/?post_type=product&#038;p=8511"},"modified":"2020-10-01T12:52:30","modified_gmt":"2020-10-01T12:52:30","slug":"soporte-ssabs4-soportes-abs-de-4%e2%80%b3-para-instalar-tuberias","status":"publish","type":"product","link":"https:\/\/ingenieriasae.com\/acuicultura\/producto\/soporte-ssabs4-soportes-abs-de-4%e2%80%b3-para-instalar-tuberias\/","title":{"rendered":"Soporte SSABS4 | Soportes ABS de 4\u2033 Para Instalar Tuber\u00edas"},"content":{"rendered":"<p><strong>Soporte SSABS4 | Soportes ABS de 4\u2033 Para Instalar Tuber\u00edas<\/strong><\/p>\n<p>Los <strong>soportes<\/strong> Ref. <strong>SSABS4<\/strong> de <strong>4&#8243;<\/strong> de la marca <strong>SSI<\/strong> son de alta calidad, especiales para la instalaci\u00f3n de tuber\u00edas en suelos de tanques irregulares. En los sistemas de tuber\u00edas de aireaci\u00f3n SSI, los soportes cumplen la doble funci\u00f3n de anclar las tuber\u00edas al suelo y controlar la expansi\u00f3n y contracci\u00f3n t\u00e9rmica.<\/p>\n<p>Ideales para:<\/p>\n<ul>\n<li>Instalaci\u00f3n en tanques con piso desigual del tanque, instalaci\u00f3n en encofrados de balasto de concreto.<\/li>\n<li>Para tanques con una velocidad de canal significativa (con soportes laterales).<\/li>\n<\/ul>\n","protected":false},"excerpt":{"rendered":"<p><img loading=\"lazy\" class=\"alignnone size-full wp-image-4728\" src=\"https:\/\/lifebyair.com\/wp-content\/uploads\/2020\/01\/SSI_LOGO.jpg\" alt=\"\" width=\"72\" height=\"36\" \/><\/p>\n<p><b>Caracter\u00edsticas<\/b><strong>:<\/strong><\/p>\n<ul>\n<li>Ideales para i<span style=\"font-size: 1rem;\">nstalaci\u00f3n en tanques con piso desigual del tanque, instalaci\u00f3n en encofrados de balasto de concreto.<\/span><\/li>\n<li><span style=\"font-size: 1rem;\">Ideales p<\/span><span style=\"font-size: 1rem;\">ara tanques con una velocidad de canal significativa (con soportes laterales).<\/span><\/li>\n<\/ul>\n<p>&nbsp;<\/p>\n","protected":false},"featured_media":5003,"template":"","meta":[],"_links":{"self":[{"href":"https:\/\/ingenieriasae.com\/acuicultura\/wp-json\/wp\/v2\/product\/8511"}],"collection":[{"href":"https:\/\/ingenieriasae.com\/acuicultura\/wp-json\/wp\/v2\/product"}],"about":[{"href":"https:\/\/ingenieriasae.com\/acuicultura\/wp-json\/wp\/v2\/types\/product"}],"version-history":[{"count":3,"href":"https:\/\/ingenieriasae.com\/acuicultura\/wp-json\/wp\/v2\/product\/8511\/revisions"}],"predecessor-version":[{"id":10282,"href":"https:\/\/ingenieriasae.com\/acuicultura\/wp-json\/wp\/v2\/product\/8511\/revisions\/10282"}],"wp:featuredmedia":[{"embeddable":true,"href":"https:\/\/ingenieriasae.com\/acuicultura\/wp-json\/wp\/v2\/media\/5003"}],"wp:attachment":[{"href":"https:\/\/ingenieriasae.com\/acuicultura\/wp-json\/wp\/v2\/media?parent=8511"}],"curies":[{"name":"wp","href":"https:\/\/api.w.org\/{rel}","templated":true}]}}